


{"id":4379,"date":"2019-05-13T19:19:41","date_gmt":"2019-05-13T17:19:41","guid":{"rendered":"https:\/\/smartivate.de\/?page_id=4379"},"modified":"2021-02-02T10:49:30","modified_gmt":"2021-02-02T09:49:30","slug":"impressum","status":"publish","type":"page","link":"https:\/\/smartivate.de\/de\/impressum\/","title":{"rendered":"Impressum"},"content":{"rendered":"<p>[vc_row][vc_column][vc_column_text]<\/p>\n<h3 style=\"text-align: left;\">Impressum<\/h3>\n<hr class=\"hr_home_products\" \/>\n<p>[\/vc_column_text][vc_column_text]Angaben gem\u00e4\u00df \u00a7 5 TMG:<br \/>\nSmartivate GbR<br \/>\nHaid-und-Neu-Stra\u00dfe 7<br \/>\n76131 Karlsruhe<\/p>\n<p>Vertreten durch:<br \/>\nAnand Narasipuram<br \/>\nJeevan Dasan<\/p>\n<p>Kontakt:<br \/>\nHaid-und-Neu-Stra\u00dfe 7<br \/>\n76131 Karlsruhe<br \/>\nE-Mail:\u00a0<a href=\"mailto:hello@smartivate.de\">hello@smartivate.de<\/a><br \/>\nInternet : https:\/smartivate.de[\/vc_column_text][vc_column_text]<\/p>\n<h3 style=\"text-align: left;\">Haftung f\u00fcr Inhalte<\/h3>\n<hr class=\"hr_home_products\" \/>\n<p>[\/vc_column_text][vc_column_text]Alle Inhalte unseres Internetauftritts wurden mit gr\u00f6\u00dfter Sorgfalt und nach bestem Gewissen erstellt. F\u00fcr die Richtigkeit, Vollst\u00e4ndigkeit und Aktualit\u00e4t der Inhalte k\u00f6nnen wir jedoch keine Gew\u00e4hr \u00fcbernehmen. Als Diensteanbieter sind wir gem\u00e4\u00df \u00a7 7 Abs.1 TMG f\u00fcr eigene Inhalte auf diesen Seiten nach den allgemeinen Gesetzen verantwortlich. Nach \u00a7\u00a7 8 bis 10 TMG sind wir als Diensteanbieter jedoch nicht verpflichtet, \u00fcbermittelte oder gespeicherte fremde Informationen zu \u00fcberwachen oder nach Umst\u00e4nden zu forschen, die auf eine rechtswidrige T\u00e4tigkeit hinweisen. Verpflichtungen zur Entfernung oder Sperrung der Nutzung von Informationen nach den allgemeinen Gesetzen bleiben hiervon unber\u00fchrt. Eine diesbez\u00fcgliche Haftung ist jedoch erst ab dem Zeitpunkt der Kenntnis einer konkreten Rechtsverletzung m\u00f6glich. Bei Bekanntwerden von entsprechenden Rechtsverletzungen werden wir diese Inhalte umgehend entfernen.[\/vc_column_text][vc_column_text]<\/p>\n<h3 style=\"text-align: left;\">Haftung f\u00fcr Links<\/h3>\n<hr class=\"hr_home_products\" \/>\n<p>[\/vc_column_text][vc_column_text]Unser Angebot enth\u00e4lt Links zu externen Webseiten Dritter, auf deren Inhalte wir keinen Einfluss haben. Deshalb k\u00f6nnen wir f\u00fcr diese fremden Inhalte auch keine Gew\u00e4hr \u00fcbernehmen. F\u00fcr die Inhalte der verlinkten Seiten ist stets der jeweilige Anbieter oder Betreiber der Seiten verantwortlich. Die verlinkten Seiten wurden zum Zeitpunkt der Verlinkung auf m\u00f6gliche Rechtsverst\u00f6\u00dfe \u00fcberpr\u00fcft. Rechtswidrige Inhalte waren zum Zeitpunkt der Verlinkung nicht erkennbar. Eine permanente inhaltliche Kontrolle der verlinkten Seiten ist jedoch ohne konkrete Anhaltspunkte einer Rechtsverletzung nicht zumutbar. Bei Bekanntwerden von Rechtsverletzungen werden wir derartige Links umgehend entfernen.[\/vc_column_text][vc_column_text]<\/p>\n<h3 style=\"text-align: left;\">Urheberrecht<\/h3>\n<hr class=\"hr_home_products\" \/>\n<p>[\/vc_column_text][vc_column_text]Die durch die Seitenbetreiber erstellten Inhalte und Werke auf diesen Seiten unterliegen dem deutschen Urheberrecht. Die Vervielf\u00e4ltigung, Bearbeitung, Verbreitung und jede Art der Verwertung au\u00dferhalb der Grenzen des Urheberrechtes bed\u00fcrfen der schriftlichen Zustimmung des jeweiligen Autors bzw. Erstellers. Downloads und Kopien dieser Seite sind nur f\u00fcr den privaten, nicht kommerziellen Gebrauch gestattet. Soweit die Inhalte auf dieser Seite nicht vom Betreiber erstellt wurden, werden die Urheberrechte Dritter beachtet. Insbesondere werden Inhalte Dritter als solche gekennzeichnet. Sollten Sie trotzdem auf eine Urheberrechtsverletzung aufmerksam werden, bitten wir um einen entsprechenden Hinweis. Bei Bekanntwerden von Rechtsverletzungen werden wir derartige Inhalte umgehend entfernen.<\/p>\n<p>Quelle: eRecht24 und \u00a0<a href=\"http:\/\/www.jurarat.de\/\">www.jurarat.de<\/a>[\/vc_column_text][\/vc_column][\/vc_row]<\/p>\n","protected":false},"excerpt":{"rendered":"<p>[vc_row][vc_column][vc_column_text] Impressum [\/vc_column_text][vc_column_text]Angaben gem\u00e4\u00df \u00a7 5 TMG: Smartivate GbR Haid-und-Neu-Stra\u00dfe 7 76131 Karlsruhe Vertreten durch: Anand Narasipuram Jeevan Dasan Kontakt: Haid-und-Neu-Stra\u00dfe 7 76131 Karlsruhe E-Mail:\u00a0hello@smartivate.de Internet : https:\/smartivate.de[\/vc_column_text][vc_column_text] Haftung f\u00fcr Inhalte [\/vc_column_text][vc_column_text]Alle Inhalte unseres Internetauftritts wurden mit gr\u00f6\u00dfter Sorgfalt und nach bestem Gewissen erstellt. F\u00fcr die Richtigkeit, Vollst\u00e4ndigkeit und Aktualit\u00e4t der Inhalte k\u00f6nnen wir jedoch [&hellip;]<\/p>\n","protected":false},"author":27,"featured_media":0,"parent":0,"menu_order":0,"comment_status":"closed","ping_status":"closed","template":"page-shop-without-sidebar.php","meta":[],"acf":[],"yoast_head":"<!-- This site is optimized with the Yoast SEO plugin v17.8 - https:\/\/yoast.com\/wordpress\/plugins\/seo\/ -->\n<title>Impressum - The Configurator for Plug &amp; Play Smart Home Devices<\/title>\n<meta name=\"robots\" content=\"index, follow, max-snippet:-1, max-image-preview:large, max-video-preview:-1\" \/>\n<link rel=\"canonical\" href=\"https:\/\/smartivate.de\/de\/impressum\/\" \/>\n<meta property=\"og:locale\" content=\"de_DE\" \/>\n<meta property=\"og:type\" content=\"article\" \/>\n<meta property=\"og:title\" content=\"Impressum - The Configurator for Plug &amp; Play Smart Home Devices\" \/>\n<meta property=\"og:description\" content=\"[vc_row][vc_column][vc_column_text] Impressum [\/vc_column_text][vc_column_text]Angaben gem\u00e4\u00df \u00a7 5 TMG: Smartivate GbR Haid-und-Neu-Stra\u00dfe 7 76131 Karlsruhe Vertreten durch: Anand Narasipuram Jeevan Dasan Kontakt: Haid-und-Neu-Stra\u00dfe 7 76131 Karlsruhe E-Mail:\u00a0hello@smartivate.de Internet : https:\/smartivate.de[\/vc_column_text][vc_column_text] Haftung f\u00fcr Inhalte [\/vc_column_text][vc_column_text]Alle Inhalte unseres Internetauftritts wurden mit gr\u00f6\u00dfter Sorgfalt und nach bestem Gewissen erstellt. F\u00fcr die Richtigkeit, Vollst\u00e4ndigkeit und Aktualit\u00e4t der Inhalte k\u00f6nnen wir jedoch [&hellip;]\" \/>\n<meta property=\"og:url\" content=\"https:\/\/smartivate.de\/de\/impressum\/\" \/>\n<meta property=\"og:site_name\" content=\"The Configurator for Plug &amp; Play Smart Home Devices\" \/>\n<meta property=\"article:modified_time\" content=\"2021-02-02T09:49:30+00:00\" \/>\n<meta name=\"twitter:card\" content=\"summary_large_image\" \/>\n<meta name=\"twitter:label1\" content=\"Gesch\u00e4tzte Lesezeit\" \/>\n\t<meta name=\"twitter:data1\" content=\"2\u00a0Minuten\" \/>\n<script type=\"application\/ld+json\" class=\"yoast-schema-graph\">{\"@context\":\"https:\/\/schema.org\",\"@graph\":[{\"@type\":\"WebSite\",\"@id\":\"https:\/\/smartivate.de\/#website\",\"url\":\"https:\/\/smartivate.de\/\",\"name\":\"The Configurator for Plug &amp; Play Smart Home Devices\",\"description\":\"The Configurator for Plug &amp; Play Smart Home Devices\",\"potentialAction\":[{\"@type\":\"SearchAction\",\"target\":{\"@type\":\"EntryPoint\",\"urlTemplate\":\"https:\/\/smartivate.de\/?s={search_term_string}\"},\"query-input\":\"required name=search_term_string\"}],\"inLanguage\":\"de\"},{\"@type\":\"WebPage\",\"@id\":\"https:\/\/smartivate.de\/de\/impressum\/#webpage\",\"url\":\"https:\/\/smartivate.de\/de\/impressum\/\",\"name\":\"Impressum - The Configurator for Plug &amp; Play Smart Home Devices\",\"isPartOf\":{\"@id\":\"https:\/\/smartivate.de\/#website\"},\"datePublished\":\"2019-05-13T17:19:41+00:00\",\"dateModified\":\"2021-02-02T09:49:30+00:00\",\"breadcrumb\":{\"@id\":\"https:\/\/smartivate.de\/de\/impressum\/#breadcrumb\"},\"inLanguage\":\"de\",\"potentialAction\":[{\"@type\":\"ReadAction\",\"target\":[\"https:\/\/smartivate.de\/de\/impressum\/\"]}]},{\"@type\":\"BreadcrumbList\",\"@id\":\"https:\/\/smartivate.de\/de\/impressum\/#breadcrumb\",\"itemListElement\":[{\"@type\":\"ListItem\",\"position\":1,\"name\":\"Home\",\"item\":\"https:\/\/smartivate.de\/de\/\"},{\"@type\":\"ListItem\",\"position\":2,\"name\":\"Impressum\"}]}]}<\/script>\n<!-- \/ Yoast SEO plugin. -->","yoast_head_json":{"title":"Impressum - The Configurator for Plug &amp; Play Smart Home Devices","robots":{"index":"index","follow":"follow","max-snippet":"max-snippet:-1","max-image-preview":"max-image-preview:large","max-video-preview":"max-video-preview:-1"},"canonical":"https:\/\/smartivate.de\/de\/impressum\/","og_locale":"de_DE","og_type":"article","og_title":"Impressum - The Configurator for Plug &amp; Play Smart Home Devices","og_description":"[vc_row][vc_column][vc_column_text] Impressum [\/vc_column_text][vc_column_text]Angaben gem\u00e4\u00df \u00a7 5 TMG: Smartivate GbR Haid-und-Neu-Stra\u00dfe 7 76131 Karlsruhe Vertreten durch: Anand Narasipuram Jeevan Dasan Kontakt: Haid-und-Neu-Stra\u00dfe 7 76131 Karlsruhe E-Mail:\u00a0hello@smartivate.de Internet : https:\/smartivate.de[\/vc_column_text][vc_column_text] Haftung f\u00fcr Inhalte [\/vc_column_text][vc_column_text]Alle Inhalte unseres Internetauftritts wurden mit gr\u00f6\u00dfter Sorgfalt und nach bestem Gewissen erstellt. F\u00fcr die Richtigkeit, Vollst\u00e4ndigkeit und Aktualit\u00e4t der Inhalte k\u00f6nnen wir jedoch [&hellip;]","og_url":"https:\/\/smartivate.de\/de\/impressum\/","og_site_name":"The Configurator for Plug &amp; Play Smart Home Devices","article_modified_time":"2021-02-02T09:49:30+00:00","twitter_card":"summary_large_image","twitter_misc":{"Gesch\u00e4tzte Lesezeit":"2\u00a0Minuten"},"schema":{"@context":"https:\/\/schema.org","@graph":[{"@type":"WebSite","@id":"https:\/\/smartivate.de\/#website","url":"https:\/\/smartivate.de\/","name":"The Configurator for Plug &amp; Play Smart Home Devices","description":"The Configurator for Plug &amp; Play Smart Home Devices","potentialAction":[{"@type":"SearchAction","target":{"@type":"EntryPoint","urlTemplate":"https:\/\/smartivate.de\/?s={search_term_string}"},"query-input":"required name=search_term_string"}],"inLanguage":"de"},{"@type":"WebPage","@id":"https:\/\/smartivate.de\/de\/impressum\/#webpage","url":"https:\/\/smartivate.de\/de\/impressum\/","name":"Impressum - The Configurator for Plug &amp; Play Smart Home Devices","isPartOf":{"@id":"https:\/\/smartivate.de\/#website"},"datePublished":"2019-05-13T17:19:41+00:00","dateModified":"2021-02-02T09:49:30+00:00","breadcrumb":{"@id":"https:\/\/smartivate.de\/de\/impressum\/#breadcrumb"},"inLanguage":"de","potentialAction":[{"@type":"ReadAction","target":["https:\/\/smartivate.de\/de\/impressum\/"]}]},{"@type":"BreadcrumbList","@id":"https:\/\/smartivate.de\/de\/impressum\/#breadcrumb","itemListElement":[{"@type":"ListItem","position":1,"name":"Home","item":"https:\/\/smartivate.de\/de\/"},{"@type":"ListItem","position":2,"name":"Impressum"}]}]}},"_links":{"self":[{"href":"https:\/\/smartivate.de\/de\/wp-json\/wp\/v2\/pages\/4379\/"}],"collection":[{"href":"https:\/\/smartivate.de\/de\/wp-json\/wp\/v2\/pages\/"}],"about":[{"href":"https:\/\/smartivate.de\/de\/wp-json\/wp\/v2\/types\/page\/"}],"author":[{"embeddable":true,"href":"https:\/\/smartivate.de\/de\/wp-json\/wp\/v2\/users\/27\/"}],"replies":[{"embeddable":true,"href":"https:\/\/smartivate.de\/de\/wp-json\/wp\/v2\/comments\/?post=4379"}],"version-history":[{"count":3,"href":"https:\/\/smartivate.de\/de\/wp-json\/wp\/v2\/pages\/4379\/revisions\/"}],"predecessor-version":[{"id":4590,"href":"https:\/\/smartivate.de\/de\/wp-json\/wp\/v2\/pages\/4379\/revisions\/4590\/"}],"wp:attachment":[{"href":"https:\/\/smartivate.de\/de\/wp-json\/wp\/v2\/media\/?parent=4379"}],"curies":[{"name":"wp","href":"https:\/\/api.w.org\/{rel}","templated":true}]}}