


{"id":4376,"date":"2019-05-13T19:18:08","date_gmt":"2019-05-13T17:18:08","guid":{"rendered":"https:\/\/smartivate.de\/?page_id=4376"},"modified":"2020-03-26T17:02:26","modified_gmt":"2020-03-26T16:02:26","slug":"allgemeine-nutzungsbedingungen","status":"publish","type":"page","link":"https:\/\/smartivate.de\/de\/allgemeine-nutzungsbedingungen\/","title":{"rendered":"Allgemeine Nutzungsbedingungen\u00a0"},"content":{"rendered":"<p>[vc_row full_width=&#8220;stretch_row_content_no_spaces&#8220; css=&#8220;.vc_custom_1524735798114{background-image: url(http:\/\/188.166.123.96\/wp-content\/uploads\/2018\/04\/dat_img_header.jpg?id=1206) !important;background-position: center !important;background-repeat: no-repeat !important;background-size: cover !important;}&#8220;][vc_column]<div class=\"ult-spacer spacer-69f8b7fbe30fc\" data-id=\"69f8b7fbe30fc\" data-height=\"250\" data-height-mobile=\"250\" data-height-tab=\"250\" data-height-tab-portrait=\"\" data-height-mobile-landscape=\"\" style=\"clear:both;display:block;\"><\/div>[\/vc_column][\/vc_row][vc_row][vc_column][vc_column_text]<\/p>\n<h3 style=\"text-align: left;\">1 Nutzungsgegenstand<\/h3>\n<hr class=\"hr_home_products\">\n<p>[\/vc_column_text][vc_column_text]Die Nutzung unserer Website und unseres Newsletters (nachfolgend auch \u201eInformationen\u201c genannt) erfolgt ausschlie\u00dflich auf Grundlage dieser Allgemeinen Nutzungsbedingungen (ANB).<br \/>\nF\u00fcr Leistungen, die Smartivate in anderer Weise erbringt, insbesondere White Label, Werbung, Affiliate Links, gelten nicht diese ANB, sondern unsere Allgemeinen Gesch\u00e4ftsbedingungen (AGB).[\/vc_column_text][vc_column_text]<\/p>\n<h3 style=\"text-align: left;\">2 Rechte des Nutzers<\/h3>\n<hr class=\"hr_home_products\">\n<p>[\/vc_column_text][vc_column_text]Alle Rechte, vor allem die urheberrechtlichen Nutzungs- und Verwertungsrechte an der Datenbank unter&nbsp;<a href=\"http:\/\/www.smartivate.de\">www.Smartivate.de<\/a>&nbsp;und an wesentlichen Teilen davon, stehen im Verh\u00e4ltnis zum Nutzer ausschlie\u00dflich uns zu.<br \/>\nDem Nutzer werden nur die folgenden, nicht ausschlie\u00dflichen Nutzungsrechte an den auf der Website&nbsp;<a href=\"http:\/\/www.smartivate.de\">www.Smartivate.de<\/a>&nbsp;enthaltenen Informationen einger\u00e4umt:<\/p>\n<ul>\n<li>Der Nutzer kann die Informationen zum eigenen Gebrauch abfragen.<\/li>\n<li>Der Nutzer kann von den von ihm abgerufenen Informationen eine Auswahl ausdrucken.<\/li>\n<\/ul>\n<p>&nbsp;<\/p>\n<p>Andere Nutzungen, insbesondere das Abrufen und die Auswertung der Informationen zu gewerblichen Zwecken und&nbsp; jede andere gewerbliche Verwertung bed\u00fcrfen der vorherigen schriftlichen Zustimmung von Smartivate. Grunds\u00e4tzlich unzul\u00e4ssig ist die automatische Durchsuchung der Informationen, insbesondere mit Webcrawlern oder Bots. Der Nutzer darf abgerufene Daten nicht f\u00fcr die Erstellung von Informationsverzeichnissen jeder Art in jeder medialen Form verwenden. Er darf die abgerufenen Informationen nicht \u00fcbersetzen, bearbeiten, arrangieren oder in anderer Art und Weise umarbeiten.<\/p>\n<p>Der Nutzer darf Urheberrechtsvermerke, Markenzeichen und andere Rechtsvorbehalte in den Daten nicht entfernen. Er wird Smartivate als Quelle der Informationen angeben.<\/p>\n<p>Links auf die Website von Smartivate sind nur im Rahmen des gesetzlich Zusl\u00e4ssigen erlaubt und m\u00fcssen Smartivate als Quelle angeben; insbesondere Framing-Techniken sind nicht erlaubt.[\/vc_column_text][vc_column_text]<\/p>\n<h3 style=\"text-align: left;\">3 Einstellung von Kommentaren<\/h3>\n<hr class=\"hr_home_products\">\n<p>[\/vc_column_text][vc_column_text]Smartivate bietet seinen Nutzern die M\u00f6glichkeit, ausgew\u00e4hlte Beitr\u00e4ge auf der Website von Smartivate zu kommentieren und im Meinungsforum mit anderen Nutzern sachlich und konstruktiv zu diskutieren. Welche Beitr\u00e4ge im Einzelnen kommentiert werden k\u00f6nnen, obliegt der Entscheidung von Smartivate. Mit Abgabe eines Kommentars oder Beitrags im Forum stimmt der Nutzer den nachfolgenden Nutzungsbedingungen dieser Funktion zu:<\/p>\n<p>Zur Nutzung der Kommentarfunktion und des Meinungsforums ist die Angabe eines Klarnamens oder eines Pseudonyms sowie einer g\u00fcltigen E-Mail-Adresse notwendig.<\/p>\n<p>Es besteht kein Anspruch auf Ver\u00f6ffentlichung eines Kommentars oder Beitrags. Smartivate beh\u00e4lt sich vor, Kommentare und Beitr\u00e4ge nicht zu ver\u00f6ffentlichen oder zu l\u00f6schen. Der Nutzer \u00fcbertr\u00e4gt der Smartivate durch Abgabe des Kommentars und\/oder Beitrags die zeitlich und sachlich unbeschr\u00e4nkten Nutzungs- und Verwertungsrechte. Kommentar und Beitrag d\u00fcrfen insbesondere redaktionell bearbeitet und auf Portalen der Smartivate ver\u00f6ffentlicht werden.<\/p>\n<p>Zul\u00e4ssig sind nur solche Kommentare und Beitr\u00e4ge, die sich inhaltlich auf die ausgew\u00e4hlte Ver\u00f6ffentlichung von Smartivate beziehen. Die Kommentare und Beitr\u00e4ge haben stets sachlich, fair und respektvoll zu sein; vulg\u00e4re oder herabw\u00fcrdigende Sprache ist unerw\u00fcnscht. Rechte Dritter sind zu wahren.<\/p>\n<p>Unzul\u00e4ssig ist die Einstellung von Inhalten, Texten, Bildern oder Links auf der Webseite von Smartivate, die gegen Gesetze oder die guten Sitten versto\u00dfen, insbesondere<\/p>\n<ul>\n<li>rassistische, erotische, pornografische, obsz\u00f6ne, beleidigende, vulg\u00e4re, Gewalt verherrlichende oder verharmlosende sowie sittenwidrige Inhalte;<\/li>\n<li>Inhalte, die Kinder oder Jugendliche in ihrer Entwicklung oder Erziehung beeintr\u00e4chtigen oder gef\u00e4hrden oder die Menschenw\u00fcrde oder sonstige gesch\u00fctzte Rechtsg\u00fcter verletzen;<\/li>\n<li>Inhalte, die andere zu strafbaren oder sonst sittenwidrigen Handlungen bewegen k\u00f6nnen;<\/li>\n<li>beleidigende oder ehrverletzende \u00c4u\u00dferungen;<\/li>\n<li>Drohungen, Schm\u00e4hkritik, Verleumdungen, Beleidigungen, L\u00fcgen oder Falschinformationen;<\/li>\n<li>Inhalte, die das Recht auf informationelle Selbstbestimmung Dritter verletzen k\u00f6nnen;<\/li>\n<li>kopierte Inhalte, an denen der Kunde keine Rechte hat;<\/li>\n<li>Inhalte, die ein Sicherheitsrisiko darstellen, wie beispielsweise Viren, Trojaner oder sonstige Schadsoftware;<\/li>\n<li>Links auf Webseiten mit gegen die guten Sitten oder geltendes Recht versto\u00dfenden, jugendgef\u00e4hrdenden oder sonst unzul\u00e4ssigen Inhalten;<\/li>\n<li>private Daten wie Namen, Telefonnummern oder E-Mail-Adressen au\u00dferhalb des Profils.<\/li>\n<\/ul>\n<p>Sofern Kommentare oder Beitr\u00e4ge geltendes Recht verletzen, unzul\u00e4ssige Inhalte enthalten oder gegen die Ma\u00dfgaben dieser Nutzungsbestimmungen versto\u00dfen, werden sie gel\u00f6scht, sobald die Redaktion der Webseite Kenntnis davon erh\u00e4lt. Verst\u00f6\u00dfe k\u00f6nnen \u00fcber den Button &#8222;Eintrag melden&#8220; auf der Webseite der Smartivate gemeldet werden. Die Redaktion der Webseite wird jeden Hinweis pr\u00fcfen und bei Bedarf Kommentare oder Beitr\u00e4ge entfernen. Bei wiederholten oder schweren Verst\u00f6\u00dfen beh\u00e4lt sich Smartivate den Ausschluss einzelner Nutzer vor.<\/p>\n<p>Eigene Kommentare und Beitr\u00e4ge sind von den Nutzern vor Ver\u00f6ffentlichung sorgf\u00e4ltig zu pr\u00fcfen. Ein Anspruch auf L\u00f6schung und Korrektur des eigenen Kommentars oder Beitrags besteht nicht, es sei denn, durch den Kommentar wird gegen geltendes Recht versto\u00dfen.<\/p>\n<p>Die Kommentare und Beitr\u00e4ge sind ausschlie\u00dflich Ausdruck der \u00dcberzeugung des Nutzers. Smartivate und die Redaktion der Webseite machen sich den Inhalt der Kommentare und Beitr\u00e4ge sowie durch Links zug\u00e4nglich gemachte fremde Internetseiten ausdr\u00fccklich nicht zu eigen und \u00fcbernehmen deshalb f\u00fcr deren Inhalt, Vollst\u00e4ndigkeit und Verf\u00fcgbarkeit keine Gew\u00e4hr.<\/p>\n<p>Hinweis zum Datenschutz:<\/p>\n<p>Mit dem Absenden eines Kommentars oder Beitrags stimmt der Nutzer zu, dass Smartivate die mitgeteilten Daten einschlie\u00dflich der benutzten IP-Adresse verarbeitet und speichert. Smartivate wird die Daten ausschlie\u00dflich f\u00fcr den Betrieb der Kommentarfunktion und des Meinungsforums nutzen. Die E-Mail-Adresse und die IP-Adresse des Nutzers werden nicht ver\u00f6ffentlicht. Die E-Mail-Adresse dient dazu, mit dem Nutzer \u00fcber dessen Kommentar oder Beitrag kommunizieren zu k\u00f6nnen. Da Smartivate als Betreiber der Webseite f\u00fcr rechtswidrige Inhalte zur Verantwortung gezogen werden kann, werden E-Mail-, und IP-Adresse der Nutzer verwendet, um den Nutzer \u00fcber Anspr\u00fcche Dritter zu informieren oder um k\u00fcnftige Rechtsverst\u00f6\u00dfe zu verhindern. Dritten werden die Daten nicht zur Verf\u00fcgung gestellt, es sei denn, Smartivate ist rechtlich hierzu verpflichtet.[\/vc_column_text][vc_column_text]<\/p>\n<h3 style=\"text-align: left;\">4 Verantwortlichkeit von Smartivate<\/h3>\n<hr class=\"hr_home_products\">\n<p>[\/vc_column_text][vc_column_text]Smartivate pr\u00fcft und aktualisiert regelm\u00e4\u00dfig die auf dem Portal enthaltenen Informationen. Eine Haftung oder Garantie f\u00fcr Aktualit\u00e4t, Richtigkeit und Vollst\u00e4ndigkeit der Informationen wird au\u00dferhalb der Haftungsreglungen in \u00a7 6 nicht \u00fcbernommen.<\/p>\n<p>Smartivate ist im Hinblick auf den Inhalt von Informationen und Websites Dritter, auf die per Link verwiesen wird, nur daf\u00fcr verantwortlich, dass der Dritte sorgf\u00e4ltig ausgew\u00e4hlt und dass die Inhalte der Websites, auf die verwiesen wird, stichprobenartig \u00fcberpr\u00fcft werden. Smartivate macht sich die Inhalte verlinkter Websites ausdr\u00fccklich nicht zueigen. Es gelten im \u00dcbrigen die Haftungsregelungen gem\u00e4\u00df \u00a7 6.<\/p>\n<p>Smartivate beh\u00e4lt sich vor, die Informationen und Links zu Websites Dritter zu \u00e4ndern oder zu erg\u00e4nzen.[\/vc_column_text][vc_column_text]<\/p>\n<h3 style=\"text-align: left;\">5 kostenfreie Nutzung<\/h3>\n<hr class=\"hr_home_products\">\n<p>[\/vc_column_text][vc_column_text]Die Nutzung der Grunddienste von Smartivate (Portal&nbsp;<a href=\"http:\/\/www.smartivate.de\">www.Smartivate.de<\/a>&nbsp;sowie unsere Newsletter) ist kostenfrei. Die Verg\u00fctung f\u00fcr zus\u00e4tzliche, vom Nutzer in Anspruch genommene Leistungen sowie die Zahlungsbedingungen ergeben sich ggf. aus den AGB von Smartivate und sind von vorliegenden ANB nicht umfasst.[\/vc_column_text][vc_column_text]<\/p>\n<h3 style=\"text-align: left;\">6 Haftung<\/h3>\n<hr class=\"hr_home_products\">\n<p>[\/vc_column_text][vc_column_text]Smartivate haftet nicht f\u00fcr kostenlos erbrachte Leistungen und Services.<\/p>\n<ul>\n<li>Von den Haftungsbeschr\u00e4nkungen dieser ANB unber\u00fchrt bleibt die Haftung von Smartivate f\u00fcr Sch\u00e4den aus der Verletzung des Lebens, K\u00f6rpers oder der Gesundheit aufgrund schuldhafter und f\u00fcr sonstige Sch\u00e4den aufgrund mindestens grob fahrl\u00e4ssiger Pflichtverletzung. Einer Verpflichtung und einem Verschulden von Smartivate stehen Pflichtverletzungen der gesetzlichen Vertreter oder Erf\u00fcllungsgehilfen von Smartivate gleich.<\/li>\n<li>Smartivate macht keine Zusagen \u00fcber die Verf\u00fcgbarkeit der Website.<\/li>\n<\/ul>\n<p>[\/vc_column_text][\/vc_column][\/vc_row]<\/p>\n","protected":false},"excerpt":{"rendered":"<p>[vc_row full_width=&#8220;stretch_row_content_no_spaces&#8220; css=&#8220;.vc_custom_1524735798114{background-image: url(http:\/\/188.166.123.96\/wp-content\/uploads\/2018\/04\/dat_img_header.jpg?id=1206) !important;background-position: center !important;background-repeat: no-repeat !important;background-size: cover !important;}&#8220;][vc_column][\/vc_column][\/vc_row][vc_row][vc_column][vc_column_text] 1 Nutzungsgegenstand [\/vc_column_text][vc_column_text]Die Nutzung unserer Website und unseres Newsletters (nachfolgend auch \u201eInformationen\u201c genannt) erfolgt ausschlie\u00dflich auf Grundlage dieser Allgemeinen Nutzungsbedingungen (ANB). F\u00fcr Leistungen, die Smartivate in anderer Weise erbringt, insbesondere White Label, Werbung, Affiliate Links, gelten nicht diese ANB, sondern unsere Allgemeinen Gesch\u00e4ftsbedingungen (AGB).[\/vc_column_text][vc_column_text] [&hellip;]<\/p>\n","protected":false},"author":27,"featured_media":0,"parent":0,"menu_order":0,"comment_status":"closed","ping_status":"closed","template":"page-without-sidebar.php","meta":[],"acf":[],"yoast_head":"<!-- This site is optimized with the Yoast SEO plugin v17.8 - https:\/\/yoast.com\/wordpress\/plugins\/seo\/ -->\n<title>Allgemeine Nutzungsbedingungen\u00a0 - The Configurator for Plug &amp; Play Smart Home Devices<\/title>\n<meta name=\"robots\" content=\"index, follow, max-snippet:-1, max-image-preview:large, max-video-preview:-1\" \/>\n<link rel=\"canonical\" href=\"https:\/\/smartivate.de\/de\/allgemeine-nutzungsbedingungen\/\" \/>\n<meta property=\"og:locale\" content=\"de_DE\" \/>\n<meta property=\"og:type\" content=\"article\" \/>\n<meta property=\"og:title\" content=\"Allgemeine Nutzungsbedingungen\u00a0 - The Configurator for Plug &amp; Play Smart Home Devices\" \/>\n<meta property=\"og:description\" content=\"[vc_row full_width=&#8220;stretch_row_content_no_spaces&#8220; css=&#8220;.vc_custom_1524735798114{background-image: url(http:\/\/188.166.123.96\/wp-content\/uploads\/2018\/04\/dat_img_header.jpg?id=1206) !important;background-position: center !important;background-repeat: no-repeat !important;background-size: cover !important;}&#8220;][vc_column][\/vc_column][\/vc_row][vc_row][vc_column][vc_column_text] 1 Nutzungsgegenstand [\/vc_column_text][vc_column_text]Die Nutzung unserer Website und unseres Newsletters (nachfolgend auch \u201eInformationen\u201c genannt) erfolgt ausschlie\u00dflich auf Grundlage dieser Allgemeinen Nutzungsbedingungen (ANB). F\u00fcr Leistungen, die Smartivate in anderer Weise erbringt, insbesondere White Label, Werbung, Affiliate Links, gelten nicht diese ANB, sondern unsere Allgemeinen Gesch\u00e4ftsbedingungen (AGB).[\/vc_column_text][vc_column_text] [&hellip;]\" \/>\n<meta property=\"og:url\" content=\"https:\/\/smartivate.de\/de\/allgemeine-nutzungsbedingungen\/\" \/>\n<meta property=\"og:site_name\" content=\"The Configurator for Plug &amp; Play Smart Home Devices\" \/>\n<meta property=\"article:modified_time\" content=\"2020-03-26T16:02:26+00:00\" \/>\n<meta name=\"twitter:card\" content=\"summary_large_image\" \/>\n<meta name=\"twitter:label1\" content=\"Gesch\u00e4tzte Lesezeit\" \/>\n\t<meta name=\"twitter:data1\" content=\"6\u00a0Minuten\" \/>\n<script type=\"application\/ld+json\" class=\"yoast-schema-graph\">{\"@context\":\"https:\/\/schema.org\",\"@graph\":[{\"@type\":\"WebSite\",\"@id\":\"https:\/\/smartivate.de\/#website\",\"url\":\"https:\/\/smartivate.de\/\",\"name\":\"The Configurator for Plug &amp; Play Smart Home Devices\",\"description\":\"The Configurator for Plug &amp; Play Smart Home Devices\",\"potentialAction\":[{\"@type\":\"SearchAction\",\"target\":{\"@type\":\"EntryPoint\",\"urlTemplate\":\"https:\/\/smartivate.de\/?s={search_term_string}\"},\"query-input\":\"required name=search_term_string\"}],\"inLanguage\":\"de\"},{\"@type\":\"WebPage\",\"@id\":\"https:\/\/smartivate.de\/de\/allgemeine-nutzungsbedingungen\/#webpage\",\"url\":\"https:\/\/smartivate.de\/de\/allgemeine-nutzungsbedingungen\/\",\"name\":\"Allgemeine Nutzungsbedingungen\\u00a0 - The Configurator for Plug &amp; Play Smart Home Devices\",\"isPartOf\":{\"@id\":\"https:\/\/smartivate.de\/#website\"},\"datePublished\":\"2019-05-13T17:18:08+00:00\",\"dateModified\":\"2020-03-26T16:02:26+00:00\",\"breadcrumb\":{\"@id\":\"https:\/\/smartivate.de\/de\/allgemeine-nutzungsbedingungen\/#breadcrumb\"},\"inLanguage\":\"de\",\"potentialAction\":[{\"@type\":\"ReadAction\",\"target\":[\"https:\/\/smartivate.de\/de\/allgemeine-nutzungsbedingungen\/\"]}]},{\"@type\":\"BreadcrumbList\",\"@id\":\"https:\/\/smartivate.de\/de\/allgemeine-nutzungsbedingungen\/#breadcrumb\",\"itemListElement\":[{\"@type\":\"ListItem\",\"position\":1,\"name\":\"Home\",\"item\":\"https:\/\/smartivate.de\/de\/\"},{\"@type\":\"ListItem\",\"position\":2,\"name\":\"Allgemeine Nutzungsbedingungen\\u00a0\"}]}]}<\/script>\n<!-- \/ Yoast SEO plugin. -->","yoast_head_json":{"title":"Allgemeine Nutzungsbedingungen\u00a0 - The Configurator for Plug &amp; Play Smart Home Devices","robots":{"index":"index","follow":"follow","max-snippet":"max-snippet:-1","max-image-preview":"max-image-preview:large","max-video-preview":"max-video-preview:-1"},"canonical":"https:\/\/smartivate.de\/de\/allgemeine-nutzungsbedingungen\/","og_locale":"de_DE","og_type":"article","og_title":"Allgemeine Nutzungsbedingungen\u00a0 - The Configurator for Plug &amp; Play Smart Home Devices","og_description":"[vc_row full_width=&#8220;stretch_row_content_no_spaces&#8220; css=&#8220;.vc_custom_1524735798114{background-image: url(http:\/\/188.166.123.96\/wp-content\/uploads\/2018\/04\/dat_img_header.jpg?id=1206) !important;background-position: center !important;background-repeat: no-repeat !important;background-size: cover !important;}&#8220;][vc_column][\/vc_column][\/vc_row][vc_row][vc_column][vc_column_text] 1 Nutzungsgegenstand [\/vc_column_text][vc_column_text]Die Nutzung unserer Website und unseres Newsletters (nachfolgend auch \u201eInformationen\u201c genannt) erfolgt ausschlie\u00dflich auf Grundlage dieser Allgemeinen Nutzungsbedingungen (ANB). F\u00fcr Leistungen, die Smartivate in anderer Weise erbringt, insbesondere White Label, Werbung, Affiliate Links, gelten nicht diese ANB, sondern unsere Allgemeinen Gesch\u00e4ftsbedingungen (AGB).[\/vc_column_text][vc_column_text] [&hellip;]","og_url":"https:\/\/smartivate.de\/de\/allgemeine-nutzungsbedingungen\/","og_site_name":"The Configurator for Plug &amp; Play Smart Home Devices","article_modified_time":"2020-03-26T16:02:26+00:00","twitter_card":"summary_large_image","twitter_misc":{"Gesch\u00e4tzte Lesezeit":"6\u00a0Minuten"},"schema":{"@context":"https:\/\/schema.org","@graph":[{"@type":"WebSite","@id":"https:\/\/smartivate.de\/#website","url":"https:\/\/smartivate.de\/","name":"The Configurator for Plug &amp; Play Smart Home Devices","description":"The Configurator for Plug &amp; Play Smart Home Devices","potentialAction":[{"@type":"SearchAction","target":{"@type":"EntryPoint","urlTemplate":"https:\/\/smartivate.de\/?s={search_term_string}"},"query-input":"required name=search_term_string"}],"inLanguage":"de"},{"@type":"WebPage","@id":"https:\/\/smartivate.de\/de\/allgemeine-nutzungsbedingungen\/#webpage","url":"https:\/\/smartivate.de\/de\/allgemeine-nutzungsbedingungen\/","name":"Allgemeine Nutzungsbedingungen\u00a0 - The Configurator for Plug &amp; Play Smart Home Devices","isPartOf":{"@id":"https:\/\/smartivate.de\/#website"},"datePublished":"2019-05-13T17:18:08+00:00","dateModified":"2020-03-26T16:02:26+00:00","breadcrumb":{"@id":"https:\/\/smartivate.de\/de\/allgemeine-nutzungsbedingungen\/#breadcrumb"},"inLanguage":"de","potentialAction":[{"@type":"ReadAction","target":["https:\/\/smartivate.de\/de\/allgemeine-nutzungsbedingungen\/"]}]},{"@type":"BreadcrumbList","@id":"https:\/\/smartivate.de\/de\/allgemeine-nutzungsbedingungen\/#breadcrumb","itemListElement":[{"@type":"ListItem","position":1,"name":"Home","item":"https:\/\/smartivate.de\/de\/"},{"@type":"ListItem","position":2,"name":"Allgemeine Nutzungsbedingungen\u00a0"}]}]}},"_links":{"self":[{"href":"https:\/\/smartivate.de\/de\/wp-json\/wp\/v2\/pages\/4376\/"}],"collection":[{"href":"https:\/\/smartivate.de\/de\/wp-json\/wp\/v2\/pages\/"}],"about":[{"href":"https:\/\/smartivate.de\/de\/wp-json\/wp\/v2\/types\/page\/"}],"author":[{"embeddable":true,"href":"https:\/\/smartivate.de\/de\/wp-json\/wp\/v2\/users\/27\/"}],"replies":[{"embeddable":true,"href":"https:\/\/smartivate.de\/de\/wp-json\/wp\/v2\/comments\/?post=4376"}],"version-history":[{"count":1,"href":"https:\/\/smartivate.de\/de\/wp-json\/wp\/v2\/pages\/4376\/revisions\/"}],"predecessor-version":[{"id":4377,"href":"https:\/\/smartivate.de\/de\/wp-json\/wp\/v2\/pages\/4376\/revisions\/4377\/"}],"wp:attachment":[{"href":"https:\/\/smartivate.de\/de\/wp-json\/wp\/v2\/media\/?parent=4376"}],"curies":[{"name":"wp","href":"https:\/\/api.w.org\/{rel}","templated":true}]}}