


{"id":4308,"date":"2019-04-15T18:23:42","date_gmt":"2019-04-15T16:23:42","guid":{"rendered":"https:\/\/smartivate.de\/?page_id=4308"},"modified":"2020-03-26T17:02:26","modified_gmt":"2020-03-26T16:02:26","slug":"warum-konfigurator","status":"publish","type":"page","link":"https:\/\/smartivate.de\/de\/warum-konfigurator\/","title":{"rendered":"Warum Konfigurator ?"},"content":{"rendered":"<p>[vc_row full_width=&#8220;stretch_row_content_no_spaces&#8220; css=&#8220;.vc_custom_1522243675351{background-image: url(https:\/\/smartivate.de\/wp-content\/uploads\/2019\/03\/Why-Configurator_.jpeg) !important;background-position: center !important;background-repeat: no-repeat !important;background-size: cover !important;}&#8220;][vc_column][vc_row_inner][vc_column_inner][\/vc_column_inner][\/vc_row_inner]<div class=\"ult-spacer spacer-69f47595b0f9c\" data-id=\"69f47595b0f9c\" data-height=\"350\" data-height-mobile=\"350\" data-height-tab=\"350\" data-height-tab-portrait=\"\" data-height-mobile-landscape=\"\" style=\"clear:both;display:block;\"><\/div>[\/vc_column][\/vc_row][vc_row][vc_column][vc_column_text]<\/p>\n<h3 style=\"text-align: left;\"><strong>WARUM KONFIGURATOR?<\/strong><\/h3>\n<hr class=\"hr_home_products\" \/>\n<p>[\/vc_column_text][vc_column_text el_class=&#8220;smt_justify&#8220;]<\/p>\n<p style=\"font-size: 17px; font-weight: 400; line-height: 25px;\">Stellen Sie sich vor, Sie h\u00f6ren von einem Freund, dass es m\u00f6glich sei, bei Ihrer Heizungsrechnung bares Geld zu sparen, auch wenn Sie die Heizung Ihres Hauses \u00fcber intelligente Ger\u00e4te bedienen. Sie wollen mehr wissen! Sie sind neugierig und versuchen im Internet ausfindig zu werden. Dabei landen Sie in einem Dschungel. Die Suche nach dem richtigen Produkt auf der Grundlage Ihrer Anforderungen kann Stunden und manchmal sogar Wochen dauern. Gleiches gilt f\u00fcr intelligente Produkte, die mit Komfort und Sicherheit verbunden sind.<\/p>\n<hr \/>\n<h3 style=\"text-align: center;\"><strong><em>Es ist, als w\u00fcrde man eine Nadel im Heuhaufen suchen<\/em><\/strong><\/h3>\n<hr \/>\n<h3 style=\"text-align: center;\"><\/h3>\n<p>[\/vc_column_text]<div class=\"lvca-odometers lvca-grid-container  lvca-grid-desktop-3 lvca-grid-tablet-2 lvca-grid-mobile-1\"><div class=\"lvca-grid-item lvca-odometer\"><div class=\"lvca-number odometer\" data-stop=\"552\">0<\/div><div class=\"lvca-stats-title-wrap\"><div class=\"lvca-stats-title\"><span class=\"lvca-icon-wrapper\"><span class=\"lvca-icon fa fa-cogs\"><\/span><\/span>Produkte<\/div><\/div><\/div><div class=\"lvca-grid-item lvca-odometer\"><div class=\"lvca-number odometer\" data-stop=\"48\">0<\/div><div class=\"lvca-stats-title-wrap\"><div class=\"lvca-stats-title\"><span class=\"lvca-icon-wrapper\"><span class=\"lvca-icon fa fa-shopping-basket\"><\/span><\/span>Kategorien<\/div><\/div><\/div><div class=\"lvca-grid-item lvca-odometer\"><div class=\"lvca-number odometer\" data-stop=\"67\">0<\/div><div class=\"lvca-stats-title-wrap\"><div class=\"lvca-stats-title\"><span class=\"lvca-icon-wrapper\"><span class=\"lvca-icon fa fa-tags\"><\/span><\/span>Marken<\/div><\/div><\/div><\/div>[vc_column_text]<\/p>\n<hr \/>\n<h3 style=\"text-align: center;\"><strong><em>Das Problem ist der Prozess, Ihr Zuhause intelligenter zu machen<\/em><\/strong><em><strong>!<\/strong><\/em><\/h3>\n<hr \/>\n<h3 style=\"text-align: center;\"><\/h3>\n<p>[\/vc_column_text][vc_column_text]<\/p>\n<div style=\"font-size: 17px; font-weight: 400; line-height: 25px;\">\n<p>F\u00fcr einen Durchschnittsverbraucher ist es recht komplex, sich f\u00fcr kompatible Ger\u00e4te zu entscheiden. Es gibt zu viele Unternehmen, Akteure und Ger\u00e4te auf dem Markt mit unterschiedlichen Funktionalit\u00e4ten sowie verschiedenen Kommunikationsstandards wie\u00a0<strong>Wi-Fi, Bluetooth, ZigBee &amp; Z-wave<\/strong>. Dadurch kann Ihre Motivation zur Frustration werden.<\/p>\n<p>Es kann vorkommen, dass Sie acht Produkte kaufen, aber vier verschiedene Apps auf Ihrem Handy installieren m\u00fcssen und trotzdem Ihr Zuhause nicht automatisieren k\u00f6nnen, weil die Ger\u00e4te miteinander nicht kompatibel sind. Um diese Komplexit\u00e4t zu l\u00f6sen, dauert es Tage und sogar Wochen, bis eine geeignete Produktl\u00f6sung gefunden wird.<\/p><\/div>\n<hr \/>\n<h3 style=\"text-align: center;\"><strong><em>Deshalb unterst\u00fctzt Sie Smartivate mit dem Smart Home Konfigurator<\/em><\/strong><strong><em>!<\/em><\/strong><\/h3>\n<p>[\/vc_column_text]<div class=\"ult-spacer spacer-69f47595b1085\" data-id=\"69f47595b1085\" data-height=\"10\" data-height-mobile=\"10\" data-height-tab=\"10\" data-height-tab-portrait=\"\" data-height-mobile-landscape=\"\" style=\"clear:both;display:block;\"><\/div>[\/vc_column][\/vc_row][vc_row css=&#8220;.vc_custom_1537258461855{background-position: center !important;background-repeat: no-repeat !important;background-size: cover !important;}&#8220;][vc_column][vc_row_inner][vc_column_inner]<div class=\"cq-typewriter-container\" style=\"background-image:url(https:\/\/smartivate.de\/wp-content\/uploads\/2019\/04\/Jobs-3.jpg);background-size:cover;\"><div class=\"cq-typewriter\" data-fontsize=\"35px\" data-fontcolor=\"#ffffff\" data-delaytime=\"3\" data-elementmargin=\"\" data-elementwidth=\"\" data-elementheight=\"350\" data-imagerepeat=\"no-repeat\" data-backgroundshape=\"0\" data-looptype=\"\"><span class=\"cq-typewriter-text\"><\/span><span class=\"cq-typewriter-hiddentext\">\nWertsch\u00f6pfung<br \/>\nmit unserem Konfigurator<\/span><span class=\"cq-typewriter-hiddentext\">\n<p><\/span><\/div><\/div>[\/vc_column_inner][\/vc_row_inner]<div class=\"ult-spacer spacer-69f47595b1b99\" data-id=\"69f47595b1b99\" data-height=\"10\" data-height-mobile=\"10\" data-height-tab=\"10\" data-height-tab-portrait=\"\" data-height-mobile-landscape=\"\" style=\"clear:both;display:block;\"><\/div>[\/vc_column][\/vc_row][vc_row][vc_column][vc_column_text]<\/p>\n<h3><strong>Mit unserem Konfigurator bieten wir<\/strong><\/h3>\n<div style=\"font-size: 17px; font-weight: 400; line-height: 25px;\">\n<p><strong><br \/>\nProduktvielfalt:<\/strong> Wir arbeiten mit wichtigsten Herstellern von Smart Home Produkten zusammen und stellen sicher, dass alle Produkttypen \u00fcber unseren einzigartigen internen Systemalgorithmus auf Produktkompatibilit\u00e4t \u00fcberpr\u00fcft werden, bevor Produktpaketen oder L\u00f6sungen empfohlen werden.<\/p>\n<p><strong>Retrofitting:<\/strong> <span style=\"font-size: 16px;\">Nachr\u00fcstung von Einfamilienh\u00e4usern und Wohnungen. Abh\u00e4ngig von den Wohneigenschaften helfen wir dem Nutzer auch bei der Entscheidung \u00fcber Besonderheiten wie Wattzahl, Gl\u00fchlampenschraubentypen und Thermostate, die sich an die bestehende Infrastruktur anpassen lassen. So wird verhindert, dass Verbraucher falsche Eink\u00e4ufe t\u00e4tigen<\/span>.<\/p>\n<\/div>\n<p>[\/vc_column_text]<div class=\"ult-spacer spacer-69f47595b1bab\" data-id=\"69f47595b1bab\" data-height=\"70\" data-height-mobile=\"70\" data-height-tab=\"70\" data-height-tab-portrait=\"\" data-height-mobile-landscape=\"\" style=\"clear:both;display:block;\"><\/div>[\/vc_column][\/vc_row]<\/p>\n","protected":false},"excerpt":{"rendered":"<p>[vc_row full_width=&#8220;stretch_row_content_no_spaces&#8220; css=&#8220;.vc_custom_1522243675351{background-image: url(https:\/\/smartivate.de\/wp-content\/uploads\/2019\/03\/Why-Configurator_.jpeg) !important;background-position: center !important;background-repeat: no-repeat !important;background-size: cover !important;}&#8220;][vc_column][vc_row_inner][vc_column_inner][\/vc_column_inner][\/vc_row_inner][\/vc_column][\/vc_row][vc_row][vc_column][vc_column_text] WARUM KONFIGURATOR? [\/vc_column_text][vc_column_text el_class=&#8220;smt_justify&#8220;] Stellen Sie sich vor, Sie h\u00f6ren von einem Freund, dass es m\u00f6glich sei, bei Ihrer Heizungsrechnung bares Geld zu sparen, auch wenn Sie die Heizung Ihres Hauses \u00fcber intelligente Ger\u00e4te bedienen. Sie wollen mehr wissen! Sie sind neugierig und versuchen [&hellip;]<\/p>\n","protected":false},"author":27,"featured_media":0,"parent":0,"menu_order":0,"comment_status":"closed","ping_status":"closed","template":"page-without-sidebar.php","meta":[],"acf":[],"yoast_head":"<!-- This site is optimized with the Yoast SEO plugin v17.8 - https:\/\/yoast.com\/wordpress\/plugins\/seo\/ -->\n<title>Warum Konfigurator ? - The Configurator for Plug &amp; Play Smart Home Devices<\/title>\n<meta name=\"robots\" content=\"index, follow, max-snippet:-1, max-image-preview:large, max-video-preview:-1\" \/>\n<link rel=\"canonical\" href=\"https:\/\/smartivate.de\/de\/warum-konfigurator\/\" \/>\n<meta property=\"og:locale\" content=\"de_DE\" \/>\n<meta property=\"og:type\" content=\"article\" \/>\n<meta property=\"og:title\" content=\"Warum Konfigurator ? - The Configurator for Plug &amp; Play Smart Home Devices\" \/>\n<meta property=\"og:description\" content=\"[vc_row full_width=&#8220;stretch_row_content_no_spaces&#8220; css=&#8220;.vc_custom_1522243675351{background-image: url(https:\/\/smartivate.de\/wp-content\/uploads\/2019\/03\/Why-Configurator_.jpeg) !important;background-position: center !important;background-repeat: no-repeat !important;background-size: cover !important;}&#8220;][vc_column][vc_row_inner][vc_column_inner][\/vc_column_inner][\/vc_row_inner][\/vc_column][\/vc_row][vc_row][vc_column][vc_column_text] WARUM KONFIGURATOR? [\/vc_column_text][vc_column_text el_class=&#8220;smt_justify&#8220;] Stellen Sie sich vor, Sie h\u00f6ren von einem Freund, dass es m\u00f6glich sei, bei Ihrer Heizungsrechnung bares Geld zu sparen, auch wenn Sie die Heizung Ihres Hauses \u00fcber intelligente Ger\u00e4te bedienen. Sie wollen mehr wissen! Sie sind neugierig und versuchen [&hellip;]\" \/>\n<meta property=\"og:url\" content=\"https:\/\/smartivate.de\/de\/warum-konfigurator\/\" \/>\n<meta property=\"og:site_name\" content=\"The Configurator for Plug &amp; Play Smart Home Devices\" \/>\n<meta property=\"article:modified_time\" content=\"2020-03-26T16:02:26+00:00\" \/>\n<meta name=\"twitter:card\" content=\"summary_large_image\" \/>\n<meta name=\"twitter:label1\" content=\"Gesch\u00e4tzte Lesezeit\" \/>\n\t<meta name=\"twitter:data1\" content=\"3\u00a0Minuten\" \/>\n<script type=\"application\/ld+json\" class=\"yoast-schema-graph\">{\"@context\":\"https:\/\/schema.org\",\"@graph\":[{\"@type\":\"WebSite\",\"@id\":\"https:\/\/smartivate.de\/#website\",\"url\":\"https:\/\/smartivate.de\/\",\"name\":\"The Configurator for Plug &amp; Play Smart Home Devices\",\"description\":\"The Configurator for Plug &amp; Play Smart Home Devices\",\"potentialAction\":[{\"@type\":\"SearchAction\",\"target\":{\"@type\":\"EntryPoint\",\"urlTemplate\":\"https:\/\/smartivate.de\/?s={search_term_string}\"},\"query-input\":\"required name=search_term_string\"}],\"inLanguage\":\"de\"},{\"@type\":\"WebPage\",\"@id\":\"https:\/\/smartivate.de\/de\/warum-konfigurator\/#webpage\",\"url\":\"https:\/\/smartivate.de\/de\/warum-konfigurator\/\",\"name\":\"Warum Konfigurator ? - The Configurator for Plug &amp; Play Smart Home Devices\",\"isPartOf\":{\"@id\":\"https:\/\/smartivate.de\/#website\"},\"datePublished\":\"2019-04-15T16:23:42+00:00\",\"dateModified\":\"2020-03-26T16:02:26+00:00\",\"breadcrumb\":{\"@id\":\"https:\/\/smartivate.de\/de\/warum-konfigurator\/#breadcrumb\"},\"inLanguage\":\"de\",\"potentialAction\":[{\"@type\":\"ReadAction\",\"target\":[\"https:\/\/smartivate.de\/de\/warum-konfigurator\/\"]}]},{\"@type\":\"BreadcrumbList\",\"@id\":\"https:\/\/smartivate.de\/de\/warum-konfigurator\/#breadcrumb\",\"itemListElement\":[{\"@type\":\"ListItem\",\"position\":1,\"name\":\"Home\",\"item\":\"https:\/\/smartivate.de\/de\/\"},{\"@type\":\"ListItem\",\"position\":2,\"name\":\"Warum Konfigurator ?\"}]}]}<\/script>\n<!-- \/ Yoast SEO plugin. -->","yoast_head_json":{"title":"Warum Konfigurator ? - The Configurator for Plug &amp; Play Smart Home Devices","robots":{"index":"index","follow":"follow","max-snippet":"max-snippet:-1","max-image-preview":"max-image-preview:large","max-video-preview":"max-video-preview:-1"},"canonical":"https:\/\/smartivate.de\/de\/warum-konfigurator\/","og_locale":"de_DE","og_type":"article","og_title":"Warum Konfigurator ? - The Configurator for Plug &amp; Play Smart Home Devices","og_description":"[vc_row full_width=&#8220;stretch_row_content_no_spaces&#8220; css=&#8220;.vc_custom_1522243675351{background-image: url(https:\/\/smartivate.de\/wp-content\/uploads\/2019\/03\/Why-Configurator_.jpeg) !important;background-position: center !important;background-repeat: no-repeat !important;background-size: cover !important;}&#8220;][vc_column][vc_row_inner][vc_column_inner][\/vc_column_inner][\/vc_row_inner][\/vc_column][\/vc_row][vc_row][vc_column][vc_column_text] WARUM KONFIGURATOR? [\/vc_column_text][vc_column_text el_class=&#8220;smt_justify&#8220;] Stellen Sie sich vor, Sie h\u00f6ren von einem Freund, dass es m\u00f6glich sei, bei Ihrer Heizungsrechnung bares Geld zu sparen, auch wenn Sie die Heizung Ihres Hauses \u00fcber intelligente Ger\u00e4te bedienen. Sie wollen mehr wissen! Sie sind neugierig und versuchen [&hellip;]","og_url":"https:\/\/smartivate.de\/de\/warum-konfigurator\/","og_site_name":"The Configurator for Plug &amp; Play Smart Home Devices","article_modified_time":"2020-03-26T16:02:26+00:00","twitter_card":"summary_large_image","twitter_misc":{"Gesch\u00e4tzte Lesezeit":"3\u00a0Minuten"},"schema":{"@context":"https:\/\/schema.org","@graph":[{"@type":"WebSite","@id":"https:\/\/smartivate.de\/#website","url":"https:\/\/smartivate.de\/","name":"The Configurator for Plug &amp; Play Smart Home Devices","description":"The Configurator for Plug &amp; Play Smart Home Devices","potentialAction":[{"@type":"SearchAction","target":{"@type":"EntryPoint","urlTemplate":"https:\/\/smartivate.de\/?s={search_term_string}"},"query-input":"required name=search_term_string"}],"inLanguage":"de"},{"@type":"WebPage","@id":"https:\/\/smartivate.de\/de\/warum-konfigurator\/#webpage","url":"https:\/\/smartivate.de\/de\/warum-konfigurator\/","name":"Warum Konfigurator ? - The Configurator for Plug &amp; Play Smart Home Devices","isPartOf":{"@id":"https:\/\/smartivate.de\/#website"},"datePublished":"2019-04-15T16:23:42+00:00","dateModified":"2020-03-26T16:02:26+00:00","breadcrumb":{"@id":"https:\/\/smartivate.de\/de\/warum-konfigurator\/#breadcrumb"},"inLanguage":"de","potentialAction":[{"@type":"ReadAction","target":["https:\/\/smartivate.de\/de\/warum-konfigurator\/"]}]},{"@type":"BreadcrumbList","@id":"https:\/\/smartivate.de\/de\/warum-konfigurator\/#breadcrumb","itemListElement":[{"@type":"ListItem","position":1,"name":"Home","item":"https:\/\/smartivate.de\/de\/"},{"@type":"ListItem","position":2,"name":"Warum Konfigurator ?"}]}]}},"_links":{"self":[{"href":"https:\/\/smartivate.de\/de\/wp-json\/wp\/v2\/pages\/4308\/"}],"collection":[{"href":"https:\/\/smartivate.de\/de\/wp-json\/wp\/v2\/pages\/"}],"about":[{"href":"https:\/\/smartivate.de\/de\/wp-json\/wp\/v2\/types\/page\/"}],"author":[{"embeddable":true,"href":"https:\/\/smartivate.de\/de\/wp-json\/wp\/v2\/users\/27\/"}],"replies":[{"embeddable":true,"href":"https:\/\/smartivate.de\/de\/wp-json\/wp\/v2\/comments\/?post=4308"}],"version-history":[{"count":5,"href":"https:\/\/smartivate.de\/de\/wp-json\/wp\/v2\/pages\/4308\/revisions\/"}],"predecessor-version":[{"id":4568,"href":"https:\/\/smartivate.de\/de\/wp-json\/wp\/v2\/pages\/4308\/revisions\/4568\/"}],"wp:attachment":[{"href":"https:\/\/smartivate.de\/de\/wp-json\/wp\/v2\/media\/?parent=4308"}],"curies":[{"name":"wp","href":"https:\/\/api.w.org\/{rel}","templated":true}]}}