


{"id":4306,"date":"2019-04-15T18:00:07","date_gmt":"2019-04-15T16:00:07","guid":{"rendered":"https:\/\/smartivate.de\/?page_id=4306"},"modified":"2020-03-26T17:02:26","modified_gmt":"2020-03-26T16:02:26","slug":"installationsservice","status":"publish","type":"page","link":"https:\/\/smartivate.de\/de\/installationsservice\/","title":{"rendered":"Installationsservice"},"content":{"rendered":"<p>[vc_row full_width=&#8220;stretch_row_content_no_spaces&#8220; css=&#8220;.vc_custom_1522243675351{background-image: url(https:\/\/smartivate.de\/wp-content\/uploads\/2019\/03\/Installation.jpg) !important;background-position: center !important;background-repeat: no-repeat !important;background-size: cover !important;}&#8220;][vc_column][vc_row_inner][vc_column_inner][\/vc_column_inner][\/vc_row_inner]<div class=\"ult-spacer spacer-69de30c50d48e\" data-id=\"69de30c50d48e\" data-height=\"350\" data-height-mobile=\"350\" data-height-tab=\"350\" data-height-tab-portrait=\"\" data-height-mobile-landscape=\"\" style=\"clear:both;display:block;\"><\/div>[\/vc_column][\/vc_row][vc_row][vc_column][vc_column_text]<\/p>\n<h3><strong>Installationsservice<\/strong><\/h3>\n<hr \/>\n<div style=\"font-size: 17px; font-weight: 400; line-height: 25px;\">\n<p>Sie ben\u00f6tigen technischen Support? oder haben keine Zeit, Ihre Smart Ger\u00e4te zu reparieren? Machen Sie sich keine Sorgen. Wir helfen Ihnen dabei.<\/p>\n<p>Abh\u00e4ngig vom Kauf oder Art des gew\u00e4hlten Pakets wird die Installation und Konfiguration von Smart Devices bei Ihnen zu Hause anschlie\u00dfend \u00fcber unsere Partnerorganisationen gegen Aufpreis durchgef\u00fchrt.<\/p>\n<p>Alles, was Sie tun m\u00fcssen, ist uns Ihren\u00a0<strong>Standort<\/strong>\u00a0mitzuteilen, das\u00a0<strong>Datum<\/strong>\u00a0und die\u00a0<strong>Uhrzeit<\/strong>\u00a0auszuw\u00e4hlen. Wir verbinden Sie dann mit einem Experten in Ihrer N\u00e4he.<\/p>\n<p>Nach Abschluss der Dienstleistung best\u00e4tigen Sie die Zahlung! Der Job ist erledigt. Sie k\u00f6nnen sich dann zur\u00fccklehnen und Ihr Smart Home genie\u00dfen.<\/p><\/div>\n<p>[\/vc_column_text][\/vc_column][\/vc_row][vc_row][vc_column][vc_column_text]<\/p>\n<h3>Buchen Sie jetzt Ihren Termin!<\/h3>\n<hr \/>\n<p>[\/vc_column_text][\/vc_column][\/vc_row][vc_row][vc_column css=&#8220;.vc_custom_1551906323788{margin-bottom: 30px !important;}&#8220;]<div role=\"form\" class=\"wpcf7\" id=\"wpcf7-f4393-o1\" lang=\"en-US\" dir=\"ltr\">\n<div class=\"screen-reader-response\"><p role=\"status\" aria-live=\"polite\" aria-atomic=\"true\"><\/p> <ul><\/ul><\/div>\n<form action=\"\/de\/wp-json\/wp\/v2\/pages\/4306\/#wpcf7-f4393-o1\" method=\"post\" class=\"wpcf7-form init\" novalidate=\"novalidate\" data-status=\"init\">\n<div style=\"display: none;\">\n<input type=\"hidden\" name=\"_wpcf7\" value=\"4393\" \/>\n<input type=\"hidden\" name=\"_wpcf7_version\" value=\"5.5.3\" \/>\n<input type=\"hidden\" name=\"_wpcf7_locale\" value=\"en_US\" \/>\n<input type=\"hidden\" name=\"_wpcf7_unit_tag\" value=\"wpcf7-f4393-o1\" \/>\n<input type=\"hidden\" name=\"_wpcf7_container_post\" value=\"0\" \/>\n<input type=\"hidden\" name=\"_wpcf7_posted_data_hash\" value=\"\" \/>\n<\/div>\n<div class=\"row sm_contact_form_page\">\n<div class=\"col-md-6\">\n<span class=\"wpcf7-form-control-wrap your-name\"><input type=\"text\" name=\"your-name\" value=\"\" size=\"40\" class=\"wpcf7-form-control wpcf7-text wpcf7-validates-as-required\" aria-required=\"true\" aria-invalid=\"false\" placeholder=\"First Name*\" \/><\/span>\n<\/div>\n<div class=\"col-md-6\">\n<span class=\"wpcf7-form-control-wrap your-last-name\"><input type=\"text\" name=\"your-last-name\" value=\"\" size=\"40\" class=\"wpcf7-form-control wpcf7-text wpcf7-validates-as-required\" aria-required=\"true\" aria-invalid=\"false\" placeholder=\"Last Name*\" \/><\/span>\n<\/div>\n<div class=\"col-md-6\">\n<span class=\"wpcf7-form-control-wrap your-email\"><input type=\"email\" name=\"your-email\" value=\"\" size=\"40\" class=\"wpcf7-form-control wpcf7-text wpcf7-email wpcf7-validates-as-required wpcf7-validates-as-email\" aria-required=\"true\" aria-invalid=\"false\" placeholder=\"Email*\" \/><\/span>\n<\/div>\n<div class=\"col-md-6\">\n<span class=\"wpcf7-form-control-wrap tel-809\"><input type=\"tel\" name=\"tel-809\" value=\"\" size=\"40\" class=\"wpcf7-form-control wpcf7-text wpcf7-tel wpcf7-validates-as-tel\" aria-invalid=\"false\" placeholder=\"Your Phone Number\" \/><\/span>\n<\/div>\n<div class=\"col-md-6\">\n<p><span class=\"wpcf7-form-control-wrap date-778\"><input type=\"date\" name=\"date-778\" value=\"\" class=\"wpcf7-form-control wpcf7-date wpcf7-validates-as-required wpcf7-validates-as-date\" min=\"2026-04-16\" max=\"2026-06-14\" aria-required=\"true\" aria-invalid=\"false\" \/><\/span>\n<\/p><\/div>\n<div class=\"col-md-6\">\n<span class=\"wpcf7-form-control-wrap hours\"><select name=\"hours\" class=\"wpcf7-form-control wpcf7-select wpcf7-validates-as-required sm-hours\" aria-required=\"true\" aria-invalid=\"false\"><option value=\"08:00 - 10:00\">08:00 - 10:00<\/option><option value=\"10:00 - 12:00\">10:00 - 12:00<\/option><option value=\"12:00 - 14:00\">12:00 - 14:00<\/option><option value=\"14:00 - 16:00\">14:00 - 16:00<\/option><option value=\"16:00 - 18:00\">16:00 - 18:00<\/option><\/select><\/span><\/p>\n<\/div>\n<div class=\"col-md-12\">\n<span class=\"wpcf7-form-control-wrap your-message\"><textarea name=\"your-message\" cols=\"40\" rows=\"10\" class=\"wpcf7-form-control wpcf7-textarea\" aria-invalid=\"false\" placeholder=\"Message*\"><\/textarea><\/span>\n<\/div>\n<div class=\"col-md-12 accept_input\">\n<span class=\"wpcf7-form-control-wrap acceptance-957\"><span class=\"wpcf7-form-control wpcf7-acceptance\"><span class=\"wpcf7-list-item\"><label><input type=\"checkbox\" name=\"acceptance-957\" value=\"1\" aria-invalid=\"false\" \/><span class=\"wpcf7-list-item-label\">Ich aktzeptiere die <a target=\"_blank\" href='https:\/\/smartivate.de\/datenschutzerklarung\/'>Allgemeinen Gesch\u00e4ftsbedinungen<\/a><\/span><\/label><\/span><\/span><\/span>\n<\/div>\n<div class=\"col-md-12\">\n<input type=\"submit\" value=\"Send\" class=\"wpcf7-form-control has-spinner wpcf7-submit\" \/>\n<\/div>\n<div class=\"col-md-12\">\n<p style=\"line-height: 1.4; font-size: 13px;\"><strong>Allgemeine Angaben:<\/strong><br><br \/>\nWir nehmen den Schutz Ihrer pers\u00f6nlichen Daten sehr ernst und halten uns strikt an die Regeln der Datenschutzgesetze. Personenbezogene Daten werden auf dieser Webseite nur im technisch notwendigen Umfang erhoben. In keinem Fall werden die erhobenen Daten verkauft oder aus anderen Gr\u00fcnden an Dritte weitergegeben.\n<\/p>\n<\/div>\n<\/div>\n<div class=\"wpcf7-response-output\" aria-hidden=\"true\"><\/div><\/form><\/div>[\/vc_column][\/vc_row]<\/p>\n","protected":false},"excerpt":{"rendered":"<p>[vc_row full_width=&#8220;stretch_row_content_no_spaces&#8220; css=&#8220;.vc_custom_1522243675351{background-image: url(https:\/\/smartivate.de\/wp-content\/uploads\/2019\/03\/Installation.jpg) !important;background-position: center !important;background-repeat: no-repeat !important;background-size: cover !important;}&#8220;][vc_column][vc_row_inner][vc_column_inner][\/vc_column_inner][\/vc_row_inner][\/vc_column][\/vc_row][vc_row][vc_column][vc_column_text] Installationsservice Sie ben\u00f6tigen technischen Support? oder haben keine Zeit, Ihre Smart Ger\u00e4te zu reparieren? Machen Sie sich keine Sorgen. Wir helfen Ihnen dabei. Abh\u00e4ngig vom Kauf oder Art des gew\u00e4hlten Pakets wird die Installation und Konfiguration von Smart Devices bei Ihnen zu Hause anschlie\u00dfend [&hellip;]<\/p>\n","protected":false},"author":27,"featured_media":0,"parent":0,"menu_order":0,"comment_status":"closed","ping_status":"closed","template":"","meta":[],"acf":[],"yoast_head":"<!-- This site is optimized with the Yoast SEO plugin v17.8 - https:\/\/yoast.com\/wordpress\/plugins\/seo\/ -->\n<title>Installationsservice - The Configurator for Plug &amp; Play Smart Home Devices<\/title>\n<meta name=\"robots\" content=\"index, follow, max-snippet:-1, max-image-preview:large, max-video-preview:-1\" \/>\n<link rel=\"canonical\" href=\"https:\/\/smartivate.de\/de\/installationsservice\/\" \/>\n<meta property=\"og:locale\" content=\"de_DE\" \/>\n<meta property=\"og:type\" content=\"article\" \/>\n<meta property=\"og:title\" content=\"Installationsservice - The Configurator for Plug &amp; Play Smart Home Devices\" \/>\n<meta property=\"og:description\" content=\"[vc_row full_width=&#8220;stretch_row_content_no_spaces&#8220; css=&#8220;.vc_custom_1522243675351{background-image: url(https:\/\/smartivate.de\/wp-content\/uploads\/2019\/03\/Installation.jpg) !important;background-position: center !important;background-repeat: no-repeat !important;background-size: cover !important;}&#8220;][vc_column][vc_row_inner][vc_column_inner][\/vc_column_inner][\/vc_row_inner][\/vc_column][\/vc_row][vc_row][vc_column][vc_column_text] Installationsservice Sie ben\u00f6tigen technischen Support? oder haben keine Zeit, Ihre Smart Ger\u00e4te zu reparieren? Machen Sie sich keine Sorgen. Wir helfen Ihnen dabei. Abh\u00e4ngig vom Kauf oder Art des gew\u00e4hlten Pakets wird die Installation und Konfiguration von Smart Devices bei Ihnen zu Hause anschlie\u00dfend [&hellip;]\" \/>\n<meta property=\"og:url\" content=\"https:\/\/smartivate.de\/de\/installationsservice\/\" \/>\n<meta property=\"og:site_name\" content=\"The Configurator for Plug &amp; Play Smart Home Devices\" \/>\n<meta property=\"article:modified_time\" content=\"2020-03-26T16:02:26+00:00\" \/>\n<meta name=\"twitter:card\" content=\"summary_large_image\" \/>\n<meta name=\"twitter:label1\" content=\"Gesch\u00e4tzte Lesezeit\" \/>\n\t<meta name=\"twitter:data1\" content=\"1\u00a0Minute\" \/>\n<script type=\"application\/ld+json\" class=\"yoast-schema-graph\">{\"@context\":\"https:\/\/schema.org\",\"@graph\":[{\"@type\":\"WebSite\",\"@id\":\"https:\/\/smartivate.de\/#website\",\"url\":\"https:\/\/smartivate.de\/\",\"name\":\"The Configurator for Plug &amp; Play Smart Home Devices\",\"description\":\"The Configurator for Plug &amp; Play Smart Home Devices\",\"potentialAction\":[{\"@type\":\"SearchAction\",\"target\":{\"@type\":\"EntryPoint\",\"urlTemplate\":\"https:\/\/smartivate.de\/?s={search_term_string}\"},\"query-input\":\"required name=search_term_string\"}],\"inLanguage\":\"de\"},{\"@type\":\"WebPage\",\"@id\":\"https:\/\/smartivate.de\/de\/installationsservice\/#webpage\",\"url\":\"https:\/\/smartivate.de\/de\/installationsservice\/\",\"name\":\"Installationsservice - The Configurator for Plug &amp; Play Smart Home Devices\",\"isPartOf\":{\"@id\":\"https:\/\/smartivate.de\/#website\"},\"datePublished\":\"2019-04-15T16:00:07+00:00\",\"dateModified\":\"2020-03-26T16:02:26+00:00\",\"breadcrumb\":{\"@id\":\"https:\/\/smartivate.de\/de\/installationsservice\/#breadcrumb\"},\"inLanguage\":\"de\",\"potentialAction\":[{\"@type\":\"ReadAction\",\"target\":[\"https:\/\/smartivate.de\/de\/installationsservice\/\"]}]},{\"@type\":\"BreadcrumbList\",\"@id\":\"https:\/\/smartivate.de\/de\/installationsservice\/#breadcrumb\",\"itemListElement\":[{\"@type\":\"ListItem\",\"position\":1,\"name\":\"Home\",\"item\":\"https:\/\/smartivate.de\/de\/\"},{\"@type\":\"ListItem\",\"position\":2,\"name\":\"Installationsservice\"}]}]}<\/script>\n<!-- \/ Yoast SEO plugin. -->","yoast_head_json":{"title":"Installationsservice - The Configurator for Plug &amp; Play Smart Home Devices","robots":{"index":"index","follow":"follow","max-snippet":"max-snippet:-1","max-image-preview":"max-image-preview:large","max-video-preview":"max-video-preview:-1"},"canonical":"https:\/\/smartivate.de\/de\/installationsservice\/","og_locale":"de_DE","og_type":"article","og_title":"Installationsservice - The Configurator for Plug &amp; Play Smart Home Devices","og_description":"[vc_row full_width=&#8220;stretch_row_content_no_spaces&#8220; css=&#8220;.vc_custom_1522243675351{background-image: url(https:\/\/smartivate.de\/wp-content\/uploads\/2019\/03\/Installation.jpg) !important;background-position: center !important;background-repeat: no-repeat !important;background-size: cover !important;}&#8220;][vc_column][vc_row_inner][vc_column_inner][\/vc_column_inner][\/vc_row_inner][\/vc_column][\/vc_row][vc_row][vc_column][vc_column_text] Installationsservice Sie ben\u00f6tigen technischen Support? oder haben keine Zeit, Ihre Smart Ger\u00e4te zu reparieren? Machen Sie sich keine Sorgen. Wir helfen Ihnen dabei. Abh\u00e4ngig vom Kauf oder Art des gew\u00e4hlten Pakets wird die Installation und Konfiguration von Smart Devices bei Ihnen zu Hause anschlie\u00dfend [&hellip;]","og_url":"https:\/\/smartivate.de\/de\/installationsservice\/","og_site_name":"The Configurator for Plug &amp; Play Smart Home Devices","article_modified_time":"2020-03-26T16:02:26+00:00","twitter_card":"summary_large_image","twitter_misc":{"Gesch\u00e4tzte Lesezeit":"1\u00a0Minute"},"schema":{"@context":"https:\/\/schema.org","@graph":[{"@type":"WebSite","@id":"https:\/\/smartivate.de\/#website","url":"https:\/\/smartivate.de\/","name":"The Configurator for Plug &amp; Play Smart Home Devices","description":"The Configurator for Plug &amp; Play Smart Home Devices","potentialAction":[{"@type":"SearchAction","target":{"@type":"EntryPoint","urlTemplate":"https:\/\/smartivate.de\/?s={search_term_string}"},"query-input":"required name=search_term_string"}],"inLanguage":"de"},{"@type":"WebPage","@id":"https:\/\/smartivate.de\/de\/installationsservice\/#webpage","url":"https:\/\/smartivate.de\/de\/installationsservice\/","name":"Installationsservice - The Configurator for Plug &amp; Play Smart Home Devices","isPartOf":{"@id":"https:\/\/smartivate.de\/#website"},"datePublished":"2019-04-15T16:00:07+00:00","dateModified":"2020-03-26T16:02:26+00:00","breadcrumb":{"@id":"https:\/\/smartivate.de\/de\/installationsservice\/#breadcrumb"},"inLanguage":"de","potentialAction":[{"@type":"ReadAction","target":["https:\/\/smartivate.de\/de\/installationsservice\/"]}]},{"@type":"BreadcrumbList","@id":"https:\/\/smartivate.de\/de\/installationsservice\/#breadcrumb","itemListElement":[{"@type":"ListItem","position":1,"name":"Home","item":"https:\/\/smartivate.de\/de\/"},{"@type":"ListItem","position":2,"name":"Installationsservice"}]}]}},"_links":{"self":[{"href":"https:\/\/smartivate.de\/de\/wp-json\/wp\/v2\/pages\/4306\/"}],"collection":[{"href":"https:\/\/smartivate.de\/de\/wp-json\/wp\/v2\/pages\/"}],"about":[{"href":"https:\/\/smartivate.de\/de\/wp-json\/wp\/v2\/types\/page\/"}],"author":[{"embeddable":true,"href":"https:\/\/smartivate.de\/de\/wp-json\/wp\/v2\/users\/27\/"}],"replies":[{"embeddable":true,"href":"https:\/\/smartivate.de\/de\/wp-json\/wp\/v2\/comments\/?post=4306"}],"version-history":[{"count":3,"href":"https:\/\/smartivate.de\/de\/wp-json\/wp\/v2\/pages\/4306\/revisions\/"}],"predecessor-version":[{"id":4510,"href":"https:\/\/smartivate.de\/de\/wp-json\/wp\/v2\/pages\/4306\/revisions\/4510\/"}],"wp:attachment":[{"href":"https:\/\/smartivate.de\/de\/wp-json\/wp\/v2\/media\/?parent=4306"}],"curies":[{"name":"wp","href":"https:\/\/api.w.org\/{rel}","templated":true}]}}