


{"id":4304,"date":"2019-04-15T17:52:18","date_gmt":"2019-04-15T15:52:18","guid":{"rendered":"https:\/\/smartivate.de\/?page_id=4304"},"modified":"2020-03-26T17:02:26","modified_gmt":"2020-03-26T16:02:26","slug":"iot-firewall","status":"publish","type":"page","link":"https:\/\/smartivate.de\/de\/iot-firewall\/","title":{"rendered":"IoT Firewall"},"content":{"rendered":"<p>[vc_row full_width=&#8220;stretch_row_content_no_spaces&#8220; css=&#8220;.vc_custom_1554385280169{background-image: url(https:\/\/smartivate.de\/wp-content\/uploads\/2019\/03\/IOT-Firewall-2.jpg?id=3464) !important;background-position: center !important;background-repeat: no-repeat !important;background-size: cover !important;}&#8220;][vc_column][vc_row_inner][vc_column_inner][\/vc_column_inner][\/vc_row_inner]<div class=\"ult-spacer spacer-69de311135107\" data-id=\"69de311135107\" data-height=\"350\" data-height-mobile=\"350\" data-height-tab=\"350\" data-height-tab-portrait=\"\" data-height-mobile-landscape=\"\" style=\"clear:both;display:block;\"><\/div>[\/vc_column][\/vc_row][vc_row][vc_column][vc_column_text]<\/p>\n<h3><strong>IoT Firewall<\/strong><\/h3>\n<hr \/>\n<div style=\"font-size: 17px; font-weight: 400; line-height: 25px;\">\n<p>Die IoT-Firewall, die f\u00fcr Ger\u00e4te\/Pakete auf unserer Plattform angeboten wird, stellt sicher, dass Ihre intelligenten Ger\u00e4te und Daten sicher und gegen Hacker gesch\u00fctzt sind. Die IOT-Firewall enth\u00e4lt Software und Hardware von Sophos mit einer sicheren Lizenz von bis zu 3 Jahren, mit einem Pay-Per-Use-Modell oder einem monatlichen Abonnement.<\/p>\n<\/div>\n<h3><strong>Eine Firewall, die wie du denkt: Konkurrenzlose Sicherheit, Einfachheit und Aufkl\u00e4rung<\/strong><\/h3>\n<div style=\"font-size: 17px; font-weight: 400; line-height: 25px;\">\n<p>Die Sophos XG-Serie ist die einzige Netzwerksicherheitsl\u00f6sung, die in der Lage ist, die Quelle einer Infektion in Ihrem Netzwerk vollst\u00e4ndig zu identifizieren und als Reaktion darauf den Zugriff auf andere Netzwerkressourcen automatisch einzuschr\u00e4nken. Es erm\u00f6glicht Ihnen, alle Ihre Anwendungen und Netzwerkrichtlinien auf einer einzigen Plattform anzuzeigen und zu verwalten.<\/p>\n<\/div>\n<h3><strong>Es bietet umfassenden Firewall-Schutz der n\u00e4chsten Generation, der folgende Vorteile bietet<\/strong><\/h3>\n<div style=\"font-size: 17px; font-weight: 400; line-height: 25px;\">\n<ul>\n<li><strong>blockiert unbekannte Bedrohungen<\/strong><\/li>\n<li><strong>reagiert automatisch auf Vorf\u00e4lle<\/strong><\/li>\n<li><strong>deckt versteckte Risiken auf<\/strong><\/li>\n<\/ul>\n<\/div>\n<div>\n<div style=\"font-size: 17px; font-weight: 400; line-height: 25px;\">\n<p>Jede XG Firewall ist mit einer Basis-Firewall-Funktionalit\u00e4t wie IPSec, SSL VPN und Wireless Protection ausgestattet. Sie k\u00f6nnen den Schutz mit unseren Bundles erweitern indem Sie Schutzmodule einzeln hinzuf\u00fcgen<\/p>\n<\/div>\n<\/div>\n<p>&nbsp;<\/p>\n<p>&nbsp;<\/p>\n<div>\n<div class=\"smt-col-2\" style=\"column-count: 2;\">\n<p>[vc_video link=&#8220;https:\/\/player.vimeo.com\/video\/144094496&#8243;]<br \/>\n[vc_video link=&#8220;https:\/\/player.vimeo.com\/video\/144009328&#8243;]<\/p>\n<\/div>\n<div style=\"font-size: 17px; font-weight: 400; line-height: 25px; text-align: center;\">Weitere Informationen zum gesamten Produktportfolio f\u00fcr jede Netzwerkgr\u00f6\u00dfe finden Sie <a href=\"https:\/\/www.sophos.com\/en-us\/medialibrary\/PDFs\/factsheets\/sophos-xg-series-appliances-brna.pdf\" target=\"_blank\" rel=\"noopener noreferrer\"><strong>hier<\/strong><\/a><\/div>\n<\/div>\n<p>[\/vc_column_text][\/vc_column][\/vc_row]<\/p>\n","protected":false},"excerpt":{"rendered":"<p>[vc_row full_width=&#8220;stretch_row_content_no_spaces&#8220; css=&#8220;.vc_custom_1554385280169{background-image: url(https:\/\/smartivate.de\/wp-content\/uploads\/2019\/03\/IOT-Firewall-2.jpg?id=3464) !important;background-position: center !important;background-repeat: no-repeat !important;background-size: cover !important;}&#8220;][vc_column][vc_row_inner][vc_column_inner][\/vc_column_inner][\/vc_row_inner][\/vc_column][\/vc_row][vc_row][vc_column][vc_column_text] IoT Firewall Die IoT-Firewall, die f\u00fcr Ger\u00e4te\/Pakete auf unserer Plattform angeboten wird, stellt sicher, dass Ihre intelligenten Ger\u00e4te und Daten sicher und gegen Hacker gesch\u00fctzt sind. Die IOT-Firewall enth\u00e4lt Software und Hardware von Sophos mit einer sicheren Lizenz von bis zu 3 Jahren, mit [&hellip;]<\/p>\n","protected":false},"author":27,"featured_media":0,"parent":0,"menu_order":0,"comment_status":"closed","ping_status":"closed","template":"","meta":[],"acf":[],"yoast_head":"<!-- This site is optimized with the Yoast SEO plugin v17.8 - https:\/\/yoast.com\/wordpress\/plugins\/seo\/ -->\n<title>IoT Firewall - The Configurator for Plug &amp; Play Smart Home Devices<\/title>\n<meta name=\"robots\" content=\"index, follow, max-snippet:-1, max-image-preview:large, max-video-preview:-1\" \/>\n<link rel=\"canonical\" href=\"https:\/\/smartivate.de\/de\/iot-firewall\/\" \/>\n<meta property=\"og:locale\" content=\"de_DE\" \/>\n<meta property=\"og:type\" content=\"article\" \/>\n<meta property=\"og:title\" content=\"IoT Firewall - The Configurator for Plug &amp; Play Smart Home Devices\" \/>\n<meta property=\"og:description\" content=\"[vc_row full_width=&#8220;stretch_row_content_no_spaces&#8220; css=&#8220;.vc_custom_1554385280169{background-image: url(https:\/\/smartivate.de\/wp-content\/uploads\/2019\/03\/IOT-Firewall-2.jpg?id=3464) !important;background-position: center !important;background-repeat: no-repeat !important;background-size: cover !important;}&#8220;][vc_column][vc_row_inner][vc_column_inner][\/vc_column_inner][\/vc_row_inner][\/vc_column][\/vc_row][vc_row][vc_column][vc_column_text] IoT Firewall Die IoT-Firewall, die f\u00fcr Ger\u00e4te\/Pakete auf unserer Plattform angeboten wird, stellt sicher, dass Ihre intelligenten Ger\u00e4te und Daten sicher und gegen Hacker gesch\u00fctzt sind. Die IOT-Firewall enth\u00e4lt Software und Hardware von Sophos mit einer sicheren Lizenz von bis zu 3 Jahren, mit [&hellip;]\" \/>\n<meta property=\"og:url\" content=\"https:\/\/smartivate.de\/de\/iot-firewall\/\" \/>\n<meta property=\"og:site_name\" content=\"The Configurator for Plug &amp; Play Smart Home Devices\" \/>\n<meta property=\"article:modified_time\" content=\"2020-03-26T16:02:26+00:00\" \/>\n<meta name=\"twitter:card\" content=\"summary_large_image\" \/>\n<meta name=\"twitter:label1\" content=\"Gesch\u00e4tzte Lesezeit\" \/>\n\t<meta name=\"twitter:data1\" content=\"1\u00a0Minute\" \/>\n<script type=\"application\/ld+json\" class=\"yoast-schema-graph\">{\"@context\":\"https:\/\/schema.org\",\"@graph\":[{\"@type\":\"WebSite\",\"@id\":\"https:\/\/smartivate.de\/#website\",\"url\":\"https:\/\/smartivate.de\/\",\"name\":\"The Configurator for Plug &amp; Play Smart Home Devices\",\"description\":\"The Configurator for Plug &amp; Play Smart Home Devices\",\"potentialAction\":[{\"@type\":\"SearchAction\",\"target\":{\"@type\":\"EntryPoint\",\"urlTemplate\":\"https:\/\/smartivate.de\/?s={search_term_string}\"},\"query-input\":\"required name=search_term_string\"}],\"inLanguage\":\"de\"},{\"@type\":\"WebPage\",\"@id\":\"https:\/\/smartivate.de\/de\/iot-firewall\/#webpage\",\"url\":\"https:\/\/smartivate.de\/de\/iot-firewall\/\",\"name\":\"IoT Firewall - The Configurator for Plug &amp; Play Smart Home Devices\",\"isPartOf\":{\"@id\":\"https:\/\/smartivate.de\/#website\"},\"datePublished\":\"2019-04-15T15:52:18+00:00\",\"dateModified\":\"2020-03-26T16:02:26+00:00\",\"breadcrumb\":{\"@id\":\"https:\/\/smartivate.de\/de\/iot-firewall\/#breadcrumb\"},\"inLanguage\":\"de\",\"potentialAction\":[{\"@type\":\"ReadAction\",\"target\":[\"https:\/\/smartivate.de\/de\/iot-firewall\/\"]}]},{\"@type\":\"BreadcrumbList\",\"@id\":\"https:\/\/smartivate.de\/de\/iot-firewall\/#breadcrumb\",\"itemListElement\":[{\"@type\":\"ListItem\",\"position\":1,\"name\":\"Home\",\"item\":\"https:\/\/smartivate.de\/de\/\"},{\"@type\":\"ListItem\",\"position\":2,\"name\":\"IoT Firewall\"}]}]}<\/script>\n<!-- \/ Yoast SEO plugin. -->","yoast_head_json":{"title":"IoT Firewall - The Configurator for Plug &amp; Play Smart Home Devices","robots":{"index":"index","follow":"follow","max-snippet":"max-snippet:-1","max-image-preview":"max-image-preview:large","max-video-preview":"max-video-preview:-1"},"canonical":"https:\/\/smartivate.de\/de\/iot-firewall\/","og_locale":"de_DE","og_type":"article","og_title":"IoT Firewall - The Configurator for Plug &amp; Play Smart Home Devices","og_description":"[vc_row full_width=&#8220;stretch_row_content_no_spaces&#8220; css=&#8220;.vc_custom_1554385280169{background-image: url(https:\/\/smartivate.de\/wp-content\/uploads\/2019\/03\/IOT-Firewall-2.jpg?id=3464) !important;background-position: center !important;background-repeat: no-repeat !important;background-size: cover !important;}&#8220;][vc_column][vc_row_inner][vc_column_inner][\/vc_column_inner][\/vc_row_inner][\/vc_column][\/vc_row][vc_row][vc_column][vc_column_text] IoT Firewall Die IoT-Firewall, die f\u00fcr Ger\u00e4te\/Pakete auf unserer Plattform angeboten wird, stellt sicher, dass Ihre intelligenten Ger\u00e4te und Daten sicher und gegen Hacker gesch\u00fctzt sind. Die IOT-Firewall enth\u00e4lt Software und Hardware von Sophos mit einer sicheren Lizenz von bis zu 3 Jahren, mit [&hellip;]","og_url":"https:\/\/smartivate.de\/de\/iot-firewall\/","og_site_name":"The Configurator for Plug &amp; Play Smart Home Devices","article_modified_time":"2020-03-26T16:02:26+00:00","twitter_card":"summary_large_image","twitter_misc":{"Gesch\u00e4tzte Lesezeit":"1\u00a0Minute"},"schema":{"@context":"https:\/\/schema.org","@graph":[{"@type":"WebSite","@id":"https:\/\/smartivate.de\/#website","url":"https:\/\/smartivate.de\/","name":"The Configurator for Plug &amp; Play Smart Home Devices","description":"The Configurator for Plug &amp; Play Smart Home Devices","potentialAction":[{"@type":"SearchAction","target":{"@type":"EntryPoint","urlTemplate":"https:\/\/smartivate.de\/?s={search_term_string}"},"query-input":"required name=search_term_string"}],"inLanguage":"de"},{"@type":"WebPage","@id":"https:\/\/smartivate.de\/de\/iot-firewall\/#webpage","url":"https:\/\/smartivate.de\/de\/iot-firewall\/","name":"IoT Firewall - The Configurator for Plug &amp; Play Smart Home Devices","isPartOf":{"@id":"https:\/\/smartivate.de\/#website"},"datePublished":"2019-04-15T15:52:18+00:00","dateModified":"2020-03-26T16:02:26+00:00","breadcrumb":{"@id":"https:\/\/smartivate.de\/de\/iot-firewall\/#breadcrumb"},"inLanguage":"de","potentialAction":[{"@type":"ReadAction","target":["https:\/\/smartivate.de\/de\/iot-firewall\/"]}]},{"@type":"BreadcrumbList","@id":"https:\/\/smartivate.de\/de\/iot-firewall\/#breadcrumb","itemListElement":[{"@type":"ListItem","position":1,"name":"Home","item":"https:\/\/smartivate.de\/de\/"},{"@type":"ListItem","position":2,"name":"IoT Firewall"}]}]}},"_links":{"self":[{"href":"https:\/\/smartivate.de\/de\/wp-json\/wp\/v2\/pages\/4304\/"}],"collection":[{"href":"https:\/\/smartivate.de\/de\/wp-json\/wp\/v2\/pages\/"}],"about":[{"href":"https:\/\/smartivate.de\/de\/wp-json\/wp\/v2\/types\/page\/"}],"author":[{"embeddable":true,"href":"https:\/\/smartivate.de\/de\/wp-json\/wp\/v2\/users\/27\/"}],"replies":[{"embeddable":true,"href":"https:\/\/smartivate.de\/de\/wp-json\/wp\/v2\/comments\/?post=4304"}],"version-history":[{"count":4,"href":"https:\/\/smartivate.de\/de\/wp-json\/wp\/v2\/pages\/4304\/revisions\/"}],"predecessor-version":[{"id":4322,"href":"https:\/\/smartivate.de\/de\/wp-json\/wp\/v2\/pages\/4304\/revisions\/4322\/"}],"wp:attachment":[{"href":"https:\/\/smartivate.de\/de\/wp-json\/wp\/v2\/media\/?parent=4304"}],"curies":[{"name":"wp","href":"https:\/\/api.w.org\/{rel}","templated":true}]}}