


{"id":4299,"date":"2019-04-15T17:20:39","date_gmt":"2019-04-15T15:20:39","guid":{"rendered":"https:\/\/smartivate.de\/?page_id=4299"},"modified":"2020-07-30T20:59:45","modified_gmt":"2020-07-30T18:59:45","slug":"smart-home","status":"publish","type":"page","link":"https:\/\/smartivate.de\/de\/smart-home\/","title":{"rendered":"Smart Home"},"content":{"rendered":"<p>[vc_row full_width=&#8220;stretch_row_content_no_spaces&#8220; css=&#8220;.vc_custom_1522243675351{background-image: url(https:\/\/smartivate.de\/wp-content\/uploads\/2019\/03\/Why-Smart-Home_.jpeg) !important;background-position: center !important;background-repeat: no-repeat !important;background-size: cover !important;}&#8220;][vc_column][vc_row_inner][vc_column_inner][\/vc_column_inner][\/vc_row_inner]<div class=\"ult-spacer spacer-69de31113b747\" data-id=\"69de31113b747\" data-height=\"400\" data-height-mobile=\"400\" data-height-tab=\"400\" data-height-tab-portrait=\"\" data-height-mobile-landscape=\"\" style=\"clear:both;display:block;\"><\/div>[\/vc_column][\/vc_row][vc_row][vc_column][vc_column_text]<\/p>\n<h3 style=\"text-align: left;\"><strong>WARUM SMART HOME<\/strong><strong>?<\/strong><\/h3>\n<hr class=\"hr_home_products\" \/>\n<p>[\/vc_column_text][vc_column_text el_class=&#8220;smt_justify smt_h3_style&#8220;]<\/p>\n<div style=\"font-size: 17px; font-weight: 400; line-height: 25px;\">Bei der Smart Home Technologie geht es um miteinander verbundene Ger\u00e4te, die automatisch und mit so wenig Eingriff wie m\u00f6glich zusammenarbeiten. Es handelt sich um Ger\u00e4te, die Ihr Haus energieeffizienter und komfortabler machen und Sie vor Einbrechern sch\u00fctzen. Dar\u00fcber hinaus hilft es auch Kindern, \u00e4lteren Menschen und Menschen mit eingeschr\u00e4nkter Mobilit\u00e4t bei der Bew\u00e4ltigung des Alltags.<\/div>\n<hr \/>\n<p>[\/vc_column_text]<div class=\"ult-spacer spacer-69de31113b767\" data-id=\"69de31113b767\" data-height=\"20\" data-height-mobile=\"20\" data-height-tab=\"20\" data-height-tab-portrait=\"\" data-height-mobile-landscape=\"\" style=\"clear:both;display:block;\"><\/div>[\/vc_column][\/vc_row][vc_row][vc_column][vc_row_inner][vc_column_inner width=&#8220;1\/4&#8243;][vc_single_image image=&#8220;739&#8243; img_size=&#8220;500&#215;500&#8243; alignment=&#8220;center&#8220; style=&#8220;vc_box_shadow_3d&#8220;][\/vc_column_inner][vc_column_inner width=&#8220;3\/4&#8243;][vc_column_text]<\/p>\n<h3><strong>EFFIZIENZ<\/strong><\/h3>\n<hr \/>\n<p style=\"font-size: 17px; font-weight: 400; line-height: 25px; text-align: left;\">Beleuchtung &amp; Heizung sind die beiden Schwerpunkte, wenn es um die Energieeffizienz im Haushalt geht.\u00a0 Ein intelligentes Beleuchtungssystem benachrichtigt Sie per SMS, wenn eine Leuchte nicht ausgeschaltet wurde. Die Energieeinsparungen eines intelligenten Beleuchtungssystems k\u00f6nnen sehr bedeutend sein.<\/p>\n<p style=\"font-size: 17px; font-weight: 400; line-height: 25px; text-align: left;\">Ebenso ist ein intelligenter Thermostat ein wesentlicher Bestandteil des Energiemanagementsystems, denn die Heizung eines Hauses ist einer der gr\u00f6\u00dften Energieverbraucher im Haus. Einige Ger\u00e4te k\u00f6nnen leicht eine Einsparung der Energiekosten von bis zu 30% pro Jahr melden. Benutzer k\u00f6nnen diese beiden Ger\u00e4te m\u00fchelos fernbedienen.<\/p>\n<hr \/>\n<p>[\/vc_column_text][\/vc_column_inner][\/vc_row_inner][vc_row_inner][vc_column_inner width=&#8220;1\/4&#8243;][vc_single_image image=&#8220;2570&#8243; img_size=&#8220;500&#215;500&#8243; alignment=&#8220;center&#8220; style=&#8220;vc_box_shadow_3d&#8220;][\/vc_column_inner][vc_column_inner width=&#8220;3\/4&#8243;][vc_column_text]<\/p>\n<h3><strong>SICHERHEIT<\/strong><\/h3>\n<hr \/>\n<p style=\"font-size: 17px; font-weight: 400; line-height: 25px; text-align: left;\">Smart Home kann Ihr Zuhause sch\u00fctzen, w\u00e4hrend Sie unterwegs oder sogar im Urlaub sind. Es bietet Ihnen viele M\u00f6glichkeiten, sich \u00fcber verschiedene Ereignisse zu informieren und sorgt f\u00fcr Ihre pers\u00f6nliche Sicherheit im Falle eines Brandes, einer \u00dcberschwemmung oder eines Einbruchs.<\/p>\n<p style=\"font-size: 17px; font-weight: 400; line-height: 25px; text-align: left;\">Wenn Sie beispielsweise ein Fenster offen lassen, wenn Sie das Haus verlassen, oder wenn Ihr Kind nach der Schule nach Hause kommt, erhalten Sie eine einfache Push-Benachrichtigung auf Ihrem Smartphone. Im Brand- oder Einbruchsfall kann er neben der Meldung auch sofort die Rettungsdienste alarmieren.<\/p>\n<hr \/>\n<p>[\/vc_column_text][\/vc_column_inner][\/vc_row_inner][\/vc_column][\/vc_row][vc_row][vc_column width=&#8220;1\/4&#8243;][vc_single_image image=&#8220;1184&#8243; img_size=&#8220;500&#215;500&#8243; alignment=&#8220;center&#8220; style=&#8220;vc_box_shadow_3d&#8220;][\/vc_column][vc_column width=&#8220;3\/4&#8243;][vc_column_text]<\/p>\n<h3><strong>KOMFORT<\/strong><\/h3>\n<hr \/>\n<p style=\"font-size: 17px; font-weight: 400; line-height: 25px; text-align: left;\">Verbessern Sie Ihren Lebensstil durch einfache und dennoch anspruchsvolle Steuerung von Unterhaltungsger\u00e4ten wie Smart TV, HiFi-Anlage, Beamer oder sogar Rolll\u00e4den mit intelligenter Beschattung f\u00fcr optimale Beleuchtung und vieles mehr.<\/p>\n<p style=\"font-size: 17px; font-weight: 400; line-height: 25px; text-align: left;\">Mit einem Smart Home kann alles zu einem System kombiniert werden. Neben den \u00fcblichen Steuerungsm\u00f6glichkeiten wie z.B. einer Universalfernbedienung oder programmierten Einstellungen, k\u00f6nnen Sie auch Ihre gesamte Sammlung von Smart Devices mit einem mobilen Ger\u00e4t oder auf Wunsch per Sprachsteuerung steuern.<\/p>\n<hr \/>\n<p>[\/vc_column_text][\/vc_column][\/vc_row][vc_row][vc_column][vc_column_text]<\/p>\n<hr \/>\n<h3 style=\"text-align: center;\"><em>Smart Home Ger\u00e4te k\u00f6nnen das Verbraucherverhalten beeinflussen und helfen den Menschen, energiebewusster zu sein und langfristig Verantwortung zu \u00fcbernehmen<\/em><em>.<\/em><\/h3>\n<p>[\/vc_column_text]<div class=\"ult-spacer spacer-69de31113b773\" data-id=\"69de31113b773\" data-height=\"70\" data-height-mobile=\"70\" data-height-tab=\"70\" data-height-tab-portrait=\"\" data-height-mobile-landscape=\"\" style=\"clear:both;display:block;\"><\/div>[\/vc_column][\/vc_row]<\/p>\n","protected":false},"excerpt":{"rendered":"<p>[vc_row full_width=&#8220;stretch_row_content_no_spaces&#8220; css=&#8220;.vc_custom_1522243675351{background-image: url(https:\/\/smartivate.de\/wp-content\/uploads\/2019\/03\/Why-Smart-Home_.jpeg) !important;background-position: center !important;background-repeat: no-repeat !important;background-size: cover !important;}&#8220;][vc_column][vc_row_inner][vc_column_inner][\/vc_column_inner][\/vc_row_inner][\/vc_column][\/vc_row][vc_row][vc_column][vc_column_text] WARUM SMART HOME? [\/vc_column_text][vc_column_text el_class=&#8220;smt_justify smt_h3_style&#8220;] Bei der Smart Home Technologie geht es um miteinander verbundene Ger\u00e4te, die automatisch und mit so wenig Eingriff wie m\u00f6glich zusammenarbeiten. Es handelt sich um Ger\u00e4te, die Ihr Haus energieeffizienter und komfortabler machen und Sie vor Einbrechern sch\u00fctzen. [&hellip;]<\/p>\n","protected":false},"author":27,"featured_media":0,"parent":0,"menu_order":0,"comment_status":"closed","ping_status":"closed","template":"page-without-sidebar.php","meta":[],"acf":[],"yoast_head":"<!-- This site is optimized with the Yoast SEO plugin v17.8 - https:\/\/yoast.com\/wordpress\/plugins\/seo\/ -->\n<title>Smart Home - The Configurator for Plug &amp; Play Smart Home Devices<\/title>\n<meta name=\"robots\" content=\"index, follow, max-snippet:-1, max-image-preview:large, max-video-preview:-1\" \/>\n<link rel=\"canonical\" href=\"https:\/\/smartivate.de\/de\/smart-home\/\" \/>\n<meta property=\"og:locale\" content=\"de_DE\" \/>\n<meta property=\"og:type\" content=\"article\" \/>\n<meta property=\"og:title\" content=\"Smart Home - The Configurator for Plug &amp; Play Smart Home Devices\" \/>\n<meta property=\"og:description\" content=\"[vc_row full_width=&#8220;stretch_row_content_no_spaces&#8220; css=&#8220;.vc_custom_1522243675351{background-image: url(https:\/\/smartivate.de\/wp-content\/uploads\/2019\/03\/Why-Smart-Home_.jpeg) !important;background-position: center !important;background-repeat: no-repeat !important;background-size: cover !important;}&#8220;][vc_column][vc_row_inner][vc_column_inner][\/vc_column_inner][\/vc_row_inner][\/vc_column][\/vc_row][vc_row][vc_column][vc_column_text] WARUM SMART HOME? [\/vc_column_text][vc_column_text el_class=&#8220;smt_justify smt_h3_style&#8220;] Bei der Smart Home Technologie geht es um miteinander verbundene Ger\u00e4te, die automatisch und mit so wenig Eingriff wie m\u00f6glich zusammenarbeiten. Es handelt sich um Ger\u00e4te, die Ihr Haus energieeffizienter und komfortabler machen und Sie vor Einbrechern sch\u00fctzen. [&hellip;]\" \/>\n<meta property=\"og:url\" content=\"https:\/\/smartivate.de\/de\/smart-home\/\" \/>\n<meta property=\"og:site_name\" content=\"The Configurator for Plug &amp; Play Smart Home Devices\" \/>\n<meta property=\"article:modified_time\" content=\"2020-07-30T18:59:45+00:00\" \/>\n<meta name=\"twitter:card\" content=\"summary_large_image\" \/>\n<meta name=\"twitter:label1\" content=\"Gesch\u00e4tzte Lesezeit\" \/>\n\t<meta name=\"twitter:data1\" content=\"3\u00a0Minuten\" \/>\n<script type=\"application\/ld+json\" class=\"yoast-schema-graph\">{\"@context\":\"https:\/\/schema.org\",\"@graph\":[{\"@type\":\"WebSite\",\"@id\":\"https:\/\/smartivate.de\/#website\",\"url\":\"https:\/\/smartivate.de\/\",\"name\":\"The Configurator for Plug &amp; Play Smart Home Devices\",\"description\":\"The Configurator for Plug &amp; Play Smart Home Devices\",\"potentialAction\":[{\"@type\":\"SearchAction\",\"target\":{\"@type\":\"EntryPoint\",\"urlTemplate\":\"https:\/\/smartivate.de\/?s={search_term_string}\"},\"query-input\":\"required name=search_term_string\"}],\"inLanguage\":\"de\"},{\"@type\":\"WebPage\",\"@id\":\"https:\/\/smartivate.de\/de\/smart-home\/#webpage\",\"url\":\"https:\/\/smartivate.de\/de\/smart-home\/\",\"name\":\"Smart Home - The Configurator for Plug &amp; Play Smart Home Devices\",\"isPartOf\":{\"@id\":\"https:\/\/smartivate.de\/#website\"},\"datePublished\":\"2019-04-15T15:20:39+00:00\",\"dateModified\":\"2020-07-30T18:59:45+00:00\",\"breadcrumb\":{\"@id\":\"https:\/\/smartivate.de\/de\/smart-home\/#breadcrumb\"},\"inLanguage\":\"de\",\"potentialAction\":[{\"@type\":\"ReadAction\",\"target\":[\"https:\/\/smartivate.de\/de\/smart-home\/\"]}]},{\"@type\":\"BreadcrumbList\",\"@id\":\"https:\/\/smartivate.de\/de\/smart-home\/#breadcrumb\",\"itemListElement\":[{\"@type\":\"ListItem\",\"position\":1,\"name\":\"Home\",\"item\":\"https:\/\/smartivate.de\/de\/\"},{\"@type\":\"ListItem\",\"position\":2,\"name\":\"Smart Home\"}]}]}<\/script>\n<!-- \/ Yoast SEO plugin. -->","yoast_head_json":{"title":"Smart Home - The Configurator for Plug &amp; Play Smart Home Devices","robots":{"index":"index","follow":"follow","max-snippet":"max-snippet:-1","max-image-preview":"max-image-preview:large","max-video-preview":"max-video-preview:-1"},"canonical":"https:\/\/smartivate.de\/de\/smart-home\/","og_locale":"de_DE","og_type":"article","og_title":"Smart Home - The Configurator for Plug &amp; Play Smart Home Devices","og_description":"[vc_row full_width=&#8220;stretch_row_content_no_spaces&#8220; css=&#8220;.vc_custom_1522243675351{background-image: url(https:\/\/smartivate.de\/wp-content\/uploads\/2019\/03\/Why-Smart-Home_.jpeg) !important;background-position: center !important;background-repeat: no-repeat !important;background-size: cover !important;}&#8220;][vc_column][vc_row_inner][vc_column_inner][\/vc_column_inner][\/vc_row_inner][\/vc_column][\/vc_row][vc_row][vc_column][vc_column_text] WARUM SMART HOME? [\/vc_column_text][vc_column_text el_class=&#8220;smt_justify smt_h3_style&#8220;] Bei der Smart Home Technologie geht es um miteinander verbundene Ger\u00e4te, die automatisch und mit so wenig Eingriff wie m\u00f6glich zusammenarbeiten. Es handelt sich um Ger\u00e4te, die Ihr Haus energieeffizienter und komfortabler machen und Sie vor Einbrechern sch\u00fctzen. [&hellip;]","og_url":"https:\/\/smartivate.de\/de\/smart-home\/","og_site_name":"The Configurator for Plug &amp; Play Smart Home Devices","article_modified_time":"2020-07-30T18:59:45+00:00","twitter_card":"summary_large_image","twitter_misc":{"Gesch\u00e4tzte Lesezeit":"3\u00a0Minuten"},"schema":{"@context":"https:\/\/schema.org","@graph":[{"@type":"WebSite","@id":"https:\/\/smartivate.de\/#website","url":"https:\/\/smartivate.de\/","name":"The Configurator for Plug &amp; Play Smart Home Devices","description":"The Configurator for Plug &amp; Play Smart Home Devices","potentialAction":[{"@type":"SearchAction","target":{"@type":"EntryPoint","urlTemplate":"https:\/\/smartivate.de\/?s={search_term_string}"},"query-input":"required name=search_term_string"}],"inLanguage":"de"},{"@type":"WebPage","@id":"https:\/\/smartivate.de\/de\/smart-home\/#webpage","url":"https:\/\/smartivate.de\/de\/smart-home\/","name":"Smart Home - The Configurator for Plug &amp; Play Smart Home Devices","isPartOf":{"@id":"https:\/\/smartivate.de\/#website"},"datePublished":"2019-04-15T15:20:39+00:00","dateModified":"2020-07-30T18:59:45+00:00","breadcrumb":{"@id":"https:\/\/smartivate.de\/de\/smart-home\/#breadcrumb"},"inLanguage":"de","potentialAction":[{"@type":"ReadAction","target":["https:\/\/smartivate.de\/de\/smart-home\/"]}]},{"@type":"BreadcrumbList","@id":"https:\/\/smartivate.de\/de\/smart-home\/#breadcrumb","itemListElement":[{"@type":"ListItem","position":1,"name":"Home","item":"https:\/\/smartivate.de\/de\/"},{"@type":"ListItem","position":2,"name":"Smart Home"}]}]}},"_links":{"self":[{"href":"https:\/\/smartivate.de\/de\/wp-json\/wp\/v2\/pages\/4299\/"}],"collection":[{"href":"https:\/\/smartivate.de\/de\/wp-json\/wp\/v2\/pages\/"}],"about":[{"href":"https:\/\/smartivate.de\/de\/wp-json\/wp\/v2\/types\/page\/"}],"author":[{"embeddable":true,"href":"https:\/\/smartivate.de\/de\/wp-json\/wp\/v2\/users\/27\/"}],"replies":[{"embeddable":true,"href":"https:\/\/smartivate.de\/de\/wp-json\/wp\/v2\/comments\/?post=4299"}],"version-history":[{"count":2,"href":"https:\/\/smartivate.de\/de\/wp-json\/wp\/v2\/pages\/4299\/revisions\/"}],"predecessor-version":[{"id":4660,"href":"https:\/\/smartivate.de\/de\/wp-json\/wp\/v2\/pages\/4299\/revisions\/4660\/"}],"wp:attachment":[{"href":"https:\/\/smartivate.de\/de\/wp-json\/wp\/v2\/media\/?parent=4299"}],"curies":[{"name":"wp","href":"https:\/\/api.w.org\/{rel}","templated":true}]}}