


{"id":4293,"date":"2019-04-15T16:51:44","date_gmt":"2019-04-15T14:51:44","guid":{"rendered":"https:\/\/smartivate.de\/?page_id=4293"},"modified":"2020-03-26T17:02:26","modified_gmt":"2020-03-26T16:02:26","slug":"smart-home-systeme","status":"publish","type":"page","link":"https:\/\/smartivate.de\/de\/smart-home-systeme\/","title":{"rendered":"Smart Home Systeme"},"content":{"rendered":"<p>[vc_row full_width=&#8220;stretch_row_content_no_spaces&#8220; css=&#8220;.vc_custom_1522243675351{background-image: url(https:\/\/smartivate.de\/wp-content\/uploads\/2019\/03\/Smart-Home-Sytems.jpeg) !important;background-position: center !important;background-repeat: no-repeat !important;background-size: cover !important;}&#8220;][vc_column][vc_row_inner][vc_column_inner][\/vc_column_inner][\/vc_row_inner]<div class=\"ult-spacer spacer-69de31f61a9a3\" data-id=\"69de31f61a9a3\" data-height=\"400\" data-height-mobile=\"400\" data-height-tab=\"400\" data-height-tab-portrait=\"\" data-height-mobile-landscape=\"\" style=\"clear:both;display:block;\"><\/div>[\/vc_column][\/vc_row][vc_row][vc_column][vc_column_text]<\/p>\n<h3 style=\"text-align: left;\"><strong>SMART HOME SYSTEME<\/strong><\/h3>\n<hr class=\"hr_home_products\" \/>\n<p>[\/vc_column_text][vc_column_text el_class=&#8220;smt_h3_style&#8220;]<\/p>\n<div style=\"font-size: 17px; font-weight: 400; line-height: 25px;\">Jedes Smart Home ben\u00f6tigt einen zentralen Hub. Denken Sie an die zentrale Drehscheibe als das Herzst\u00fcck Ihres Hauses. Es ist ein zentrales Organ, das alle Ger\u00e4te rund um Ihr Haus verbindet. Es erm\u00f6glicht Ihnen den Zugriff auf jedes Ger\u00e4t \u00fcber eine zentrale Anwendung, anstatt Sie zu zwingen, ein Dutzend verschiedener Anwendungen verschiedener Hersteller zu verwenden.<\/div>\n<hr \/>\n<p>[\/vc_column_text]<div class=\"ult-spacer spacer-69de31f61a9c7\" data-id=\"69de31f61a9c7\" data-height=\"20\" data-height-mobile=\"20\" data-height-tab=\"20\" data-height-tab-portrait=\"\" data-height-mobile-landscape=\"\" style=\"clear:both;display:block;\"><\/div>[\/vc_column][\/vc_row][vc_row][vc_column width=&#8220;1\/3&#8243;][vc_single_image image=&#8220;3198&#8243; img_size=&#8220;70 x 70&#8243; alignment=&#8220;center&#8220;][vc_column_text]<\/p>\n<h3 style=\"text-align: center;\"><strong>APPLE HOME KIT<\/strong><\/h3>\n<hr \/>\n<p>[\/vc_column_text]<div id=\"ultib3-56497243669de31f61aa63\" class=\" ultb3-box ult-adjust-bottom-margin  \" style=\"border:1px double #000000;\"><div id=\"Info-banner-wrap9119\" class=\"ultb3-info ib3-info-center\" data-animation=\"\" data-animation-delay=\"03\"><div class=\"ultb3-desc ult-responsive\"  data-ultimate-target='#Info-banner-wrap9119 .ultb3-desc'  data-responsive-json-new='{\"font-size\":\"\",\"line-height\":\"\"}'  style=\"font-weight:normal;\">Erm\u00f6glicht es Ihnen, von Ihrem Smartphone aus, direkt mit dem angeschlossenen Ger\u00e4t zu kommunizieren und es zu steuern. Mit dem Home Kit-Framework k\u00f6nnen Sie Zubeh\u00f6r konfigurieren und Aktionen erstellen, um es zu steuern. Sie k\u00f6nnen sogar Aktionen zusammenfassen und mit Siri ausl\u00f6sen.<\/div><\/div><\/div><style>\n\t\t\t\t\t#ultib3-56497243669de31f61aa63 {\n\t\t\t\t\t\tmin-height:350px;\n\t\t\t\t\t}\n\t\t\t\t\t#ultib3-56497243669de31f61aa63 img.ultb3-img {\n\t\t\t\t\t\theight: px;\n\t\t\t\t\t}\n\t\t\t\t\t#ultib3-56497243669de31f61aa63 .ultb3-btn {\n\t\t\t\t\t\tborder:2px solid #1e73be;border-radius:50px;color:#898989;\n\t\t\t\t\t}\n\t\t\t\t\t#ultib3-56497243669de31f61aa63 .ultb3-btn:hover {\n\t\t\t\t\t\tbackground:#1e73be;color:#ffffff;\n\t\t\t\t\t}\n\t\t\t\t<\/style>[\/vc_column][vc_column width=&#8220;1\/3&#8243;][vc_single_image image=&#8220;3201&#8243; img_size=&#8220;130 x 70&#8243; alignment=&#8220;center&#8220;][vc_column_text]<\/p>\n<h3 style=\"text-align: center;\"><strong>AMAZON ECHO<\/strong><\/h3>\n<hr \/>\n<p>[\/vc_column_text]<div id=\"ultib3-122216484869de31f61aaba\" class=\" ultb3-box ult-adjust-bottom-margin  \" style=\"border:1px double ;\"><div id=\"Info-banner-wrap5797\" class=\"ultb3-info ib3-info-center\" data-animation=\"\" data-animation-delay=\"03\"><div class=\"ultb3-desc ult-responsive\"  data-ultimate-target='#Info-banner-wrap5797 .ultb3-desc'  data-responsive-json-new='{\"font-size\":\"\",\"line-height\":\"\"}'  style=\"font-weight:normal;\">Amazon Alexa ist ein virtueller Assistent, der erstmals in Amazon Echo und Echo Dot Smart Speakers verwendet wird. Es kann mehrere Ger\u00e4te zu geplanten Zeiten oder per Sprachbefehl steuern, wie z.B. das Verriegeln der T\u00fcren, das Einschalten des Fernsehers und das Ausschalten der Beleuchtung, wenn Sie ins Bett gehen. Es ist eins der fortschrittlichsten zentralen Hubs f\u00fcr Smart Home Ger\u00e4te und kann von der Alexa App sowohl auf IOS als auch auf Android einfach bedient werden.<\/div><\/div><\/div><style>\n\t\t\t\t\t#ultib3-122216484869de31f61aaba {\n\t\t\t\t\t\tmin-height:350px;\n\t\t\t\t\t}\n\t\t\t\t\t#ultib3-122216484869de31f61aaba img.ultb3-img {\n\t\t\t\t\t\theight: px;\n\t\t\t\t\t}\n\t\t\t\t\t#ultib3-122216484869de31f61aaba .ultb3-btn {\n\t\t\t\t\t\tborder:2px solid #1e73be;border-radius:50px;color:#898989;\n\t\t\t\t\t}\n\t\t\t\t\t#ultib3-122216484869de31f61aaba .ultb3-btn:hover {\n\t\t\t\t\t\tbackground:#1e73be;color:#ffffff;\n\t\t\t\t\t}\n\t\t\t\t<\/style>[\/vc_column][vc_column width=&#8220;1\/3&#8243;][vc_single_image image=&#8220;3204&#8243; img_size=&#8220;106 x 69&#8243; alignment=&#8220;center&#8220;][vc_column_text]<\/p>\n<h3 style=\"text-align: center;\"><strong>GOOGLE HOME<\/strong><\/h3>\n<hr \/>\n<p>[\/vc_column_text]<div id=\"ultib3-184215019769de31f61aaf5\" class=\" ultb3-box ult-adjust-bottom-margin  \" style=\"border:1px double ;\"><div id=\"Info-banner-wrap5855\" class=\"ultb3-info ib3-info-center\" data-animation=\"\" data-animation-delay=\"03\"><div class=\"ultb3-desc ult-responsive\"  data-ultimate-target='#Info-banner-wrap5855 .ultb3-desc'  data-responsive-json-new='{\"font-size\":\"\",\"line-height\":\"\"}'  style=\"font-weight:normal;\">Erm\u00f6glicht es Benutzern, Sprachbefehle zu sprechen und mit einer Reihe von Diensten \u00fcber den intelligenten pers\u00f6nlichen Assistenten von Google namens Google Assistant zu interagieren. Es sind sowohl interne als auch externe Dienste integriert, die es den Nutzern erm\u00f6glichen, Musik zu h\u00f6ren, Videos oder Fotos zu steuern oder Nachrichtenupdates vollst\u00e4ndig per Sprache zu empfangen und viele intelligente Haushaltsger\u00e4te m\u00fchelos \u00fcber die Google Home App zu steuern.<\/div><\/div><\/div><style>\n\t\t\t\t\t#ultib3-184215019769de31f61aaf5 {\n\t\t\t\t\t\tmin-height:350px;\n\t\t\t\t\t}\n\t\t\t\t\t#ultib3-184215019769de31f61aaf5 img.ultb3-img {\n\t\t\t\t\t\theight: px;\n\t\t\t\t\t}\n\t\t\t\t\t#ultib3-184215019769de31f61aaf5 .ultb3-btn {\n\t\t\t\t\t\tborder:2px solid #1e73be;border-radius:50px;color:#898989;\n\t\t\t\t\t}\n\t\t\t\t\t#ultib3-184215019769de31f61aaf5 .ultb3-btn:hover {\n\t\t\t\t\t\tbackground:#1e73be;color:#ffffff;\n\t\t\t\t\t}\n\t\t\t\t<\/style>[\/vc_column][\/vc_row][vc_row][vc_column][vc_column_text]<\/p>\n<hr \/>\n<h3 style=\"text-align: center;\"><\/h3>\n<p>[\/vc_column_text]<div class=\"ult-spacer spacer-69de31f61ab79\" data-id=\"69de31f61ab79\" data-height=\"70\" data-height-mobile=\"70\" data-height-tab=\"70\" data-height-tab-portrait=\"\" data-height-mobile-landscape=\"\" style=\"clear:both;display:block;\"><\/div>[\/vc_column][\/vc_row]<\/p>\n","protected":false},"excerpt":{"rendered":"<p>[vc_row full_width=&#8220;stretch_row_content_no_spaces&#8220; css=&#8220;.vc_custom_1522243675351{background-image: url(https:\/\/smartivate.de\/wp-content\/uploads\/2019\/03\/Smart-Home-Sytems.jpeg) !important;background-position: center !important;background-repeat: no-repeat !important;background-size: cover !important;}&#8220;][vc_column][vc_row_inner][vc_column_inner][\/vc_column_inner][\/vc_row_inner][\/vc_column][\/vc_row][vc_row][vc_column][vc_column_text] SMART HOME SYSTEME [\/vc_column_text][vc_column_text el_class=&#8220;smt_h3_style&#8220;] Jedes Smart Home ben\u00f6tigt einen zentralen Hub. Denken Sie an die zentrale Drehscheibe als das Herzst\u00fcck Ihres Hauses. Es ist ein zentrales Organ, das alle Ger\u00e4te rund um Ihr Haus verbindet. Es erm\u00f6glicht Ihnen den Zugriff auf jedes Ger\u00e4t [&hellip;]<\/p>\n","protected":false},"author":27,"featured_media":0,"parent":0,"menu_order":0,"comment_status":"closed","ping_status":"closed","template":"page-without-sidebar.php","meta":[],"acf":[],"yoast_head":"<!-- This site is optimized with the Yoast SEO plugin v17.8 - https:\/\/yoast.com\/wordpress\/plugins\/seo\/ -->\n<title>Smart Home Systeme - The Configurator for Plug &amp; Play Smart Home Devices<\/title>\n<meta name=\"robots\" content=\"index, follow, max-snippet:-1, max-image-preview:large, max-video-preview:-1\" \/>\n<link rel=\"canonical\" href=\"https:\/\/smartivate.de\/de\/smart-home-systeme\/\" \/>\n<meta property=\"og:locale\" content=\"de_DE\" \/>\n<meta property=\"og:type\" content=\"article\" \/>\n<meta property=\"og:title\" content=\"Smart Home Systeme - The Configurator for Plug &amp; Play Smart Home Devices\" \/>\n<meta property=\"og:description\" content=\"[vc_row full_width=&#8220;stretch_row_content_no_spaces&#8220; css=&#8220;.vc_custom_1522243675351{background-image: url(https:\/\/smartivate.de\/wp-content\/uploads\/2019\/03\/Smart-Home-Sytems.jpeg) !important;background-position: center !important;background-repeat: no-repeat !important;background-size: cover !important;}&#8220;][vc_column][vc_row_inner][vc_column_inner][\/vc_column_inner][\/vc_row_inner][\/vc_column][\/vc_row][vc_row][vc_column][vc_column_text] SMART HOME SYSTEME [\/vc_column_text][vc_column_text el_class=&#8220;smt_h3_style&#8220;] Jedes Smart Home ben\u00f6tigt einen zentralen Hub. Denken Sie an die zentrale Drehscheibe als das Herzst\u00fcck Ihres Hauses. Es ist ein zentrales Organ, das alle Ger\u00e4te rund um Ihr Haus verbindet. Es erm\u00f6glicht Ihnen den Zugriff auf jedes Ger\u00e4t [&hellip;]\" \/>\n<meta property=\"og:url\" content=\"https:\/\/smartivate.de\/de\/smart-home-systeme\/\" \/>\n<meta property=\"og:site_name\" content=\"The Configurator for Plug &amp; Play Smart Home Devices\" \/>\n<meta property=\"article:modified_time\" content=\"2020-03-26T16:02:26+00:00\" \/>\n<meta name=\"twitter:card\" content=\"summary_large_image\" \/>\n<meta name=\"twitter:label1\" content=\"Gesch\u00e4tzte Lesezeit\" \/>\n\t<meta name=\"twitter:data1\" content=\"2\u00a0Minuten\" \/>\n<script type=\"application\/ld+json\" class=\"yoast-schema-graph\">{\"@context\":\"https:\/\/schema.org\",\"@graph\":[{\"@type\":\"WebSite\",\"@id\":\"https:\/\/smartivate.de\/#website\",\"url\":\"https:\/\/smartivate.de\/\",\"name\":\"The Configurator for Plug &amp; Play Smart Home Devices\",\"description\":\"The Configurator for Plug &amp; Play Smart Home Devices\",\"potentialAction\":[{\"@type\":\"SearchAction\",\"target\":{\"@type\":\"EntryPoint\",\"urlTemplate\":\"https:\/\/smartivate.de\/?s={search_term_string}\"},\"query-input\":\"required name=search_term_string\"}],\"inLanguage\":\"de\"},{\"@type\":\"WebPage\",\"@id\":\"https:\/\/smartivate.de\/de\/smart-home-systeme\/#webpage\",\"url\":\"https:\/\/smartivate.de\/de\/smart-home-systeme\/\",\"name\":\"Smart Home Systeme - The Configurator for Plug &amp; Play Smart Home Devices\",\"isPartOf\":{\"@id\":\"https:\/\/smartivate.de\/#website\"},\"datePublished\":\"2019-04-15T14:51:44+00:00\",\"dateModified\":\"2020-03-26T16:02:26+00:00\",\"breadcrumb\":{\"@id\":\"https:\/\/smartivate.de\/de\/smart-home-systeme\/#breadcrumb\"},\"inLanguage\":\"de\",\"potentialAction\":[{\"@type\":\"ReadAction\",\"target\":[\"https:\/\/smartivate.de\/de\/smart-home-systeme\/\"]}]},{\"@type\":\"BreadcrumbList\",\"@id\":\"https:\/\/smartivate.de\/de\/smart-home-systeme\/#breadcrumb\",\"itemListElement\":[{\"@type\":\"ListItem\",\"position\":1,\"name\":\"Home\",\"item\":\"https:\/\/smartivate.de\/de\/\"},{\"@type\":\"ListItem\",\"position\":2,\"name\":\"Smart Home Systeme\"}]}]}<\/script>\n<!-- \/ Yoast SEO plugin. -->","yoast_head_json":{"title":"Smart Home Systeme - The Configurator for Plug &amp; Play Smart Home Devices","robots":{"index":"index","follow":"follow","max-snippet":"max-snippet:-1","max-image-preview":"max-image-preview:large","max-video-preview":"max-video-preview:-1"},"canonical":"https:\/\/smartivate.de\/de\/smart-home-systeme\/","og_locale":"de_DE","og_type":"article","og_title":"Smart Home Systeme - The Configurator for Plug &amp; Play Smart Home Devices","og_description":"[vc_row full_width=&#8220;stretch_row_content_no_spaces&#8220; css=&#8220;.vc_custom_1522243675351{background-image: url(https:\/\/smartivate.de\/wp-content\/uploads\/2019\/03\/Smart-Home-Sytems.jpeg) !important;background-position: center !important;background-repeat: no-repeat !important;background-size: cover !important;}&#8220;][vc_column][vc_row_inner][vc_column_inner][\/vc_column_inner][\/vc_row_inner][\/vc_column][\/vc_row][vc_row][vc_column][vc_column_text] SMART HOME SYSTEME [\/vc_column_text][vc_column_text el_class=&#8220;smt_h3_style&#8220;] Jedes Smart Home ben\u00f6tigt einen zentralen Hub. Denken Sie an die zentrale Drehscheibe als das Herzst\u00fcck Ihres Hauses. Es ist ein zentrales Organ, das alle Ger\u00e4te rund um Ihr Haus verbindet. Es erm\u00f6glicht Ihnen den Zugriff auf jedes Ger\u00e4t [&hellip;]","og_url":"https:\/\/smartivate.de\/de\/smart-home-systeme\/","og_site_name":"The Configurator for Plug &amp; Play Smart Home Devices","article_modified_time":"2020-03-26T16:02:26+00:00","twitter_card":"summary_large_image","twitter_misc":{"Gesch\u00e4tzte Lesezeit":"2\u00a0Minuten"},"schema":{"@context":"https:\/\/schema.org","@graph":[{"@type":"WebSite","@id":"https:\/\/smartivate.de\/#website","url":"https:\/\/smartivate.de\/","name":"The Configurator for Plug &amp; Play Smart Home Devices","description":"The Configurator for Plug &amp; Play Smart Home Devices","potentialAction":[{"@type":"SearchAction","target":{"@type":"EntryPoint","urlTemplate":"https:\/\/smartivate.de\/?s={search_term_string}"},"query-input":"required name=search_term_string"}],"inLanguage":"de"},{"@type":"WebPage","@id":"https:\/\/smartivate.de\/de\/smart-home-systeme\/#webpage","url":"https:\/\/smartivate.de\/de\/smart-home-systeme\/","name":"Smart Home Systeme - The Configurator for Plug &amp; Play Smart Home Devices","isPartOf":{"@id":"https:\/\/smartivate.de\/#website"},"datePublished":"2019-04-15T14:51:44+00:00","dateModified":"2020-03-26T16:02:26+00:00","breadcrumb":{"@id":"https:\/\/smartivate.de\/de\/smart-home-systeme\/#breadcrumb"},"inLanguage":"de","potentialAction":[{"@type":"ReadAction","target":["https:\/\/smartivate.de\/de\/smart-home-systeme\/"]}]},{"@type":"BreadcrumbList","@id":"https:\/\/smartivate.de\/de\/smart-home-systeme\/#breadcrumb","itemListElement":[{"@type":"ListItem","position":1,"name":"Home","item":"https:\/\/smartivate.de\/de\/"},{"@type":"ListItem","position":2,"name":"Smart Home Systeme"}]}]}},"_links":{"self":[{"href":"https:\/\/smartivate.de\/de\/wp-json\/wp\/v2\/pages\/4293\/"}],"collection":[{"href":"https:\/\/smartivate.de\/de\/wp-json\/wp\/v2\/pages\/"}],"about":[{"href":"https:\/\/smartivate.de\/de\/wp-json\/wp\/v2\/types\/page\/"}],"author":[{"embeddable":true,"href":"https:\/\/smartivate.de\/de\/wp-json\/wp\/v2\/users\/27\/"}],"replies":[{"embeddable":true,"href":"https:\/\/smartivate.de\/de\/wp-json\/wp\/v2\/comments\/?post=4293"}],"version-history":[{"count":1,"href":"https:\/\/smartivate.de\/de\/wp-json\/wp\/v2\/pages\/4293\/revisions\/"}],"predecessor-version":[{"id":4294,"href":"https:\/\/smartivate.de\/de\/wp-json\/wp\/v2\/pages\/4293\/revisions\/4294\/"}],"wp:attachment":[{"href":"https:\/\/smartivate.de\/de\/wp-json\/wp\/v2\/media\/?parent=4293"}],"curies":[{"name":"wp","href":"https:\/\/api.w.org\/{rel}","templated":true}]}}