


{"id":4288,"date":"2019-04-15T16:35:37","date_gmt":"2019-04-15T14:35:37","guid":{"rendered":"https:\/\/smartivate.de\/?page_id=4288"},"modified":"2021-01-27T15:58:09","modified_gmt":"2021-01-27T14:58:09","slug":"uber-uns","status":"publish","type":"page","link":"https:\/\/smartivate.de\/de\/uber-uns\/","title":{"rendered":"\u00dcber uns"},"content":{"rendered":"<p>[vc_row full_width=&#8220;stretch_row_content_no_spaces&#8220; css=&#8220;.vc_custom_1522152866801{background-position: center !important;background-repeat: no-repeat !important;background-size: cover !important;}&#8220;][vc_column css=&#8220;.vc_custom_1555029243912{padding-top: 0px !important;}&#8220; offset=&#8220;vc_hidden-md vc_hidden-sm vc_hidden-xs&#8220;]<div class=\"cq-typewriter-container\" style=\"background-image:url(https:\/\/smartivate.de\/wp-content\/uploads\/2018\/08\/1500.png);background-size:cover;\"><div class=\"cq-typewriter\" data-fontsize=\"35px\" data-fontcolor=\"#ffffff\" data-delaytime=\"3\" data-elementmargin=\"\" data-elementwidth=\"\" data-elementheight=\"500px\" data-imagerepeat=\"no-repeat\" data-backgroundshape=\"0\" data-looptype=\"\"><span class=\"cq-typewriter-text\"><\/span><span class=\"cq-typewriter-hiddentext\">\nAt the forefront of technology.<\/span><span class=\"cq-typewriter-hiddentext\">\nNew thoughts. New possibilities<\/span><span class=\"cq-typewriter-hiddentext\">\nOpen your world.<\/span><\/div><\/div>[\/vc_column][\/vc_row][vc_row full_width=&#8220;stretch_row_content_no_spaces&#8220; css=&#8220;.vc_custom_1522152866801{background-position: center !important;background-repeat: no-repeat !important;background-size: cover !important;}&#8220;][vc_column css=&#8220;.vc_custom_1555029223763{padding-top: 0px !important;}&#8220; offset=&#8220;vc_hidden-lg&#8220;]<div class=\"cq-typewriter-container\" style=\"background-image:url(https:\/\/smartivate.de\/wp-content\/uploads\/2019\/04\/About-Us_Mobile_Tab.jpg);background-size:cover;\"><div class=\"cq-typewriter\" data-fontsize=\"35px\" data-fontcolor=\"#ffffff\" data-delaytime=\"3\" data-elementmargin=\"\" data-elementwidth=\"\" data-elementheight=\"500px\" data-imagerepeat=\"no-repeat\" data-backgroundshape=\"0\" data-looptype=\"\"><span class=\"cq-typewriter-text\"><\/span><span class=\"cq-typewriter-hiddentext\">\nAn der Spitze der Technologie.<\/span><span class=\"cq-typewriter-hiddentext\">\nNeue Gedanken. Neue M\u00f6glichkeiten<\/span><span class=\"cq-typewriter-hiddentext\">\n\u00d6ffne deine Welt.<\/span><\/div><\/div>[\/vc_column][\/vc_row][vc_row css=&#8220;.vc_custom_1522246732958{padding-top: 30px !important;padding-bottom: 30px !important;}&#8220;][vc_column css=&#8220;.vc_custom_1525274210422{padding-top: 0px !important;}&#8220;][vc_single_image image=&#8220;3375&#8243; img_size=&#8220;200&#215;150&#8243; alignment=&#8220;center&#8220; css=&#8220;.vc_custom_1552050344761{margin-bottom: 0px !important;}&#8220;][\/vc_column][\/vc_row][vc_row full_width=&#8220;stretch_row_content_no_spaces&#8220; equal_height=&#8220;yes&#8220; content_placement=&#8220;middle&#8220;][vc_column width=&#8220;1\/2&#8243; css=&#8220;.vc_custom_1555081811346{background-image: url(https:\/\/smartivate.de\/wp-content\/uploads\/2018\/06\/smart-home-wifi.jpg?id=2419) !important;background-position: center !important;background-repeat: no-repeat !important;background-size: cover !important;}&#8220; el_class=&#8220;sm_about_cont&#8220;][vc_custom_heading text=&#8220;Wof\u00fcr wir stehen&#8230;&#8220; font_container=&#8220;tag:h2|font_size:40px|text_align:center|color:%23ffffff&#8220; use_theme_fonts=&#8220;yes&#8220;][\/vc_column][vc_column width=&#8220;1\/2&#8243; el_class=&#8220;sm_about_cont&#8220;][vc_column_text el_class=&#8220;sm_about_first_section_texts&#8220;]<\/p>\n<p style=\"font-size: 17px; font-weight: 400; line-height: 25px;\">Unser Ziel ist es, jedes Haus mit einfachen und zuverl\u00e4ssigen Systemen zu versorgen.<\/p>\n<p style=\"font-size: 17px; font-weight: 400; line-height: 25px;\">Wir sind bestrebt, eine personalisierte L\u00f6sung f\u00fcr H\u00e4user zu liefern, die die individuelle Pers\u00f6nlichkeit widerspiegelt und das Wohnerlebnis so angenehm wie m\u00f6glich macht.<\/p>\n<p>[\/vc_column_text][\/vc_column][\/vc_row][vc_row full_width=&#8220;stretch_row_content_no_spaces&#8220; equal_height=&#8220;yes&#8220; content_placement=&#8220;middle&#8220; el_class=&#8220;sm_alternate&#8220;][vc_column width=&#8220;1\/2&#8243; el_class=&#8220;sm_about_cont&#8220;][vc_column_text el_class=&#8220;sm_about_first_section_texts&#8220;]<\/p>\n<p style=\"font-size: 17px; font-weight: 400; line-height: 25px;\">Wir erm\u00f6glichen den Prozess, H\u00e4user Smart \u2013 Quick &amp; Hassle-free durch unseren intuitiven Smart Home Configurator zu machen, was Ihren Kaufprozess \u00fcber Webplattformen deutlich vereinfacht.<\/p>\n<p>[\/vc_column_text][\/vc_column][vc_column width=&#8220;1\/2&#8243; css=&#8220;.vc_custom_1552008626144{background-image: url(https:\/\/smartivate.de\/wp-content\/uploads\/2018\/06\/smart_manage.jpg?id=2421) !important;background-position: center !important;background-repeat: no-repeat !important;background-size: cover !important;}&#8220; el_class=&#8220;sm_about_cont&#8220;][vc_custom_heading text=&#8220;Was wir tun&#8230;&#8220; font_container=&#8220;tag:h2|font_size:40px|text_align:center|color:%23ffffff&#8220; use_theme_fonts=&#8220;yes&#8220;][\/vc_column][\/vc_row][vc_row full_width=&#8220;stretch_row_content_no_spaces&#8220; equal_height=&#8220;yes&#8220; content_placement=&#8220;middle&#8220;][vc_column width=&#8220;1\/2&#8243; css=&#8220;.vc_custom_1552008635223{background-image: url(https:\/\/smartivate.de\/wp-content\/uploads\/2018\/06\/diyhousehelp.jpg?id=2423) !important;background-position: center !important;background-repeat: no-repeat !important;background-size: cover !important;}&#8220; el_class=&#8220;sm_about_cont&#8220;][vc_custom_heading text=&#8220;Unser Versprechen&#8220; font_container=&#8220;tag:h2|font_size:40px|text_align:center|color:%23ffffff&#8220; use_theme_fonts=&#8220;yes&#8220;][\/vc_column][vc_column width=&#8220;1\/2&#8243; css=&#8220;.vc_custom_1552008431860{background-position: center !important;background-repeat: no-repeat !important;background-size: cover !important;}&#8220; el_class=&#8220;sm_about_cont&#8220;][vc_column_text el_class=&#8220;sm_about_first_section_texts&#8220;]<\/p>\n<p style=\"font-size: 17px; font-weight: 400; line-height: 25px;\">Wir von Smartivate helfen Ihnen, Ihre Tr\u00e4ume zu verwirklichen, indem Sie Ihr Zuhause intelligent, sicher und effizient gestalten \u2013 mit ma\u00dfgeschneiderten L\u00f6sungen, die Ihr Leben gem\u00fctlich und komfortabel machen!<\/p>\n<p style=\"font-size: 17px; font-weight: 400; line-height: 25px;\"><em>Noch nie war es so einfach, Ihr Zuhause intelligent zu gestalten<\/em><em>!<\/em><\/p>\n<p>[\/vc_column_text][\/vc_column][\/vc_row][vc_row el_class=&#8220;st_odometer_section&#8220;][vc_column]<div class=\"ult-spacer spacer-69de311217bce\" data-id=\"69de311217bce\" data-height=\"80\" data-height-mobile=\"0\" data-height-tab=\"\" data-height-tab-portrait=\"\" data-height-mobile-landscape=\"\" style=\"clear:both;display:block;\"><\/div>[\/vc_column][\/vc_row][vc_row][vc_column][vc_column_text]<\/p>\n<hr \/>\n<h2 style=\"text-align: center;\"><strong>Lernen Sie unser Team kennen<\/strong><\/h2>\n<hr \/>\n<p>[\/vc_column_text][vc_column_text]<\/p>\n<h3 style=\"text-align: center;\"><em>Junge angehende Energie-Enthusiasten mit einem starken wertorientierten Unternehmensziel<\/em><\/h3>\n<hr \/>\n<p style=\"font-size: 17px; font-weight: 400; line-height: 25px;\">Die Gr\u00fcnder\u00a0<strong><em>Anand &amp; Jeevan<\/em>\u00a0<\/strong>sind Alumni des Karlsruher Instituts f\u00fcr Technologie, Deutschland &amp; der EIT Innoenergy Master School mit allen relevanten Branchenerfahrungen und Erfahrungen in den Bereichen Energietechnologien, Energieeffizienz in Geb\u00e4uden, Produktentwicklung, Business Engineering und E-Commerce.<\/p>\n<hr \/>\n<h4 style=\"text-align: left;\"><\/h4>\n<p>[\/vc_column_text][\/vc_column][\/vc_row][vc_row][vc_column]<div class=\"lvca-team-members lvca-style2 lvca-container\"><div class=\" lvca-team-member-wrapper\"><div class=\"lvca-team-member \" ><div class=\"lvca-image-wrapper\"><img width=\"260\" height=\"260\" src=\"https:\/\/smartivate.de\/wp-content\/uploads\/2018\/05\/Anand-narasipuram-team.png\" class=\"lvca-image full\" alt=\"\" loading=\"lazy\" srcset=\"https:\/\/smartivate.de\/wp-content\/uploads\/2018\/05\/Anand-narasipuram-team.png 260w, https:\/\/smartivate.de\/wp-content\/uploads\/2018\/05\/Anand-narasipuram-team-150x150.png 150w, https:\/\/smartivate.de\/wp-content\/uploads\/2018\/05\/Anand-narasipuram-team-100x100.png 100w\" sizes=\"(max-width: 260px) 100vw, 260px\" \/><\/div><div class=\"lvca-team-member-text\"><h3 class=\"lvca-title\">Anand Narasipuram<\/h3><div class=\"lvca-team-member-position\">Mitbegr\u00fcnder &amp; CEO<\/div><div class=\"lvca-team-member-details\">Wie das Sprichwort sagt: ``Die Lebensweise spiegelt Ihre Pers\u00f6nlichkeit wider``.<br \/>\nSmart Gadgets erh\u00f6hen nicht nur den Komfort, sondern sparen auch Geld und Energie. Ich pers\u00f6nlich hatte das Gef\u00fchl: Die Verwendung intelligenter und vernetzter Ger\u00e4te macht mein Leben strukturiert, organisiert und gl\u00fccklich.<\/div><div class=\"lvca-social-wrap\"><div class=\"lvca-social-list\"><div class=\"lvca-social-list-item\"><a class=\"lvca-email\" href=\"mailto:hello@smartivate.de\" title=\"Contact Us\"><i class=\"lvca-icon-email\"><\/i><\/a><\/div><div class=\"lvca-social-list-item\"><a class=\"lvca-linkedin\" href=\"https:\/\/www.linkedin.com\/in\/anandnarasipuram\/\" target=\"_blank\" title=\"View LinkedIn Profile\"><i class=\"lvca-icon-linkedin\"><\/i><\/a><\/div><\/div><\/div><\/div><\/div><\/div><div class=\" lvca-team-member-wrapper\"><div class=\"lvca-team-member \" ><div class=\"lvca-image-wrapper\"><img width=\"260\" height=\"260\" src=\"https:\/\/smartivate.de\/wp-content\/uploads\/2018\/05\/Jeevan-dasan-team.png\" class=\"lvca-image full\" alt=\"\" loading=\"lazy\" srcset=\"https:\/\/smartivate.de\/wp-content\/uploads\/2018\/05\/Jeevan-dasan-team.png 260w, https:\/\/smartivate.de\/wp-content\/uploads\/2018\/05\/Jeevan-dasan-team-150x150.png 150w, https:\/\/smartivate.de\/wp-content\/uploads\/2018\/05\/Jeevan-dasan-team-100x100.png 100w\" sizes=\"(max-width: 260px) 100vw, 260px\" \/><\/div><div class=\"lvca-team-member-text\"><h3 class=\"lvca-title\">Jeevan Dasan<\/h3><div class=\"lvca-team-member-position\">Mitbegr\u00fcnder &amp; COO<\/div><div class=\"lvca-team-member-details\">Ich bin fest davon \u00fcberzeugt, dass Smart Homes es Ihnen erm\u00f6glicht, flexibler und komfortabler zu sein.Nicht nur das, es k\u00f6nnte viele unvorhergesehene Vorteile mit sich bringen, die \u00fcber das Dimmen Ihrer Beleuchtung oder Rolll\u00e4den mit dem Smartphone hinausgehen. Es k\u00f6nnte Ihre Zeit, Geld und Energie sparen und hilft Ihnen sogar, einen positiven Beitrag f\u00fcr die globale Erw\u00e4rmung zu leisten. ``Ihr Handy ist intelligent, Ihre Kinder sind intelligent und deshalb muss Ihr Zuhause intelligent sein!\u201d<\/div><div class=\"lvca-social-wrap\"><div class=\"lvca-social-list\"><div class=\"lvca-social-list-item\"><a class=\"lvca-email\" href=\"mailto:hello@smartivate.de\" title=\"Contact Us\"><i class=\"lvca-icon-email\"><\/i><\/a><\/div><div class=\"lvca-social-list-item\"><a class=\"lvca-linkedin\" href=\"https:\/\/www.linkedin.com\/in\/jeevan-dasan-430b19b4\/\" target=\"_blank\" title=\"View LinkedIn Profile\"><i class=\"lvca-icon-linkedin\"><\/i><\/a><\/div><\/div><\/div><\/div><\/div><\/div><\/div><div class=\"ult-spacer spacer-69de3112182c4\" data-id=\"69de3112182c4\" data-height=\"70\" data-height-mobile=\"70\" data-height-tab=\"70\" data-height-tab-portrait=\"\" data-height-mobile-landscape=\"\" style=\"clear:both;display:block;\"><\/div>[\/vc_column][\/vc_row]<\/p>\n","protected":false},"excerpt":{"rendered":"<p>[vc_row full_width=&#8220;stretch_row_content_no_spaces&#8220; css=&#8220;.vc_custom_1522152866801{background-position: center !important;background-repeat: no-repeat !important;background-size: cover !important;}&#8220;][vc_column css=&#8220;.vc_custom_1555029243912{padding-top: 0px !important;}&#8220; offset=&#8220;vc_hidden-md vc_hidden-sm vc_hidden-xs&#8220;][\/vc_column][\/vc_row][vc_row full_width=&#8220;stretch_row_content_no_spaces&#8220; css=&#8220;.vc_custom_1522152866801{background-position: center !important;background-repeat: no-repeat !important;background-size: cover !important;}&#8220;][vc_column css=&#8220;.vc_custom_1555029223763{padding-top: 0px !important;}&#8220; offset=&#8220;vc_hidden-lg&#8220;][\/vc_column][\/vc_row][vc_row css=&#8220;.vc_custom_1522246732958{padding-top: 30px !important;padding-bottom: 30px !important;}&#8220;][vc_column css=&#8220;.vc_custom_1525274210422{padding-top: 0px !important;}&#8220;][vc_single_image image=&#8220;3375&#8243; img_size=&#8220;200&#215;150&#8243; alignment=&#8220;center&#8220; css=&#8220;.vc_custom_1552050344761{margin-bottom: 0px !important;}&#8220;][\/vc_column][\/vc_row][vc_row full_width=&#8220;stretch_row_content_no_spaces&#8220; equal_height=&#8220;yes&#8220; content_placement=&#8220;middle&#8220;][vc_column width=&#8220;1\/2&#8243; css=&#8220;.vc_custom_1555081811346{background-image: url(https:\/\/smartivate.de\/wp-content\/uploads\/2018\/06\/smart-home-wifi.jpg?id=2419) !important;background-position: center !important;background-repeat: no-repeat !important;background-size: cover !important;}&#8220; el_class=&#8220;sm_about_cont&#8220;][vc_custom_heading [&hellip;]<\/p>\n","protected":false},"author":27,"featured_media":0,"parent":0,"menu_order":0,"comment_status":"closed","ping_status":"closed","template":"page-without-sidebar.php","meta":[],"acf":[],"yoast_head":"<!-- This site is optimized with the Yoast SEO plugin v17.8 - https:\/\/yoast.com\/wordpress\/plugins\/seo\/ -->\n<title>\u00dcber uns - The Configurator for Plug &amp; Play Smart Home Devices<\/title>\n<meta name=\"robots\" content=\"index, follow, max-snippet:-1, max-image-preview:large, max-video-preview:-1\" \/>\n<link rel=\"canonical\" href=\"https:\/\/smartivate.de\/de\/uber-uns\/\" \/>\n<meta property=\"og:locale\" content=\"de_DE\" \/>\n<meta property=\"og:type\" content=\"article\" \/>\n<meta property=\"og:title\" content=\"\u00dcber uns - The Configurator for Plug &amp; Play Smart Home Devices\" \/>\n<meta property=\"og:description\" content=\"[vc_row full_width=&#8220;stretch_row_content_no_spaces&#8220; css=&#8220;.vc_custom_1522152866801{background-position: center !important;background-repeat: no-repeat !important;background-size: cover !important;}&#8220;][vc_column css=&#8220;.vc_custom_1555029243912{padding-top: 0px !important;}&#8220; offset=&#8220;vc_hidden-md vc_hidden-sm vc_hidden-xs&#8220;][\/vc_column][\/vc_row][vc_row full_width=&#8220;stretch_row_content_no_spaces&#8220; css=&#8220;.vc_custom_1522152866801{background-position: center !important;background-repeat: no-repeat !important;background-size: cover !important;}&#8220;][vc_column css=&#8220;.vc_custom_1555029223763{padding-top: 0px !important;}&#8220; offset=&#8220;vc_hidden-lg&#8220;][\/vc_column][\/vc_row][vc_row css=&#8220;.vc_custom_1522246732958{padding-top: 30px !important;padding-bottom: 30px !important;}&#8220;][vc_column css=&#8220;.vc_custom_1525274210422{padding-top: 0px !important;}&#8220;][vc_single_image image=&#8220;3375&#8243; img_size=&#8220;200&#215;150&#8243; alignment=&#8220;center&#8220; css=&#8220;.vc_custom_1552050344761{margin-bottom: 0px !important;}&#8220;][\/vc_column][\/vc_row][vc_row full_width=&#8220;stretch_row_content_no_spaces&#8220; equal_height=&#8220;yes&#8220; content_placement=&#8220;middle&#8220;][vc_column width=&#8220;1\/2&#8243; css=&#8220;.vc_custom_1555081811346{background-image: url(https:\/\/smartivate.de\/wp-content\/uploads\/2018\/06\/smart-home-wifi.jpg?id=2419) !important;background-position: center !important;background-repeat: no-repeat !important;background-size: cover !important;}&#8220; el_class=&#8220;sm_about_cont&#8220;][vc_custom_heading [&hellip;]\" \/>\n<meta property=\"og:url\" content=\"https:\/\/smartivate.de\/de\/uber-uns\/\" \/>\n<meta property=\"og:site_name\" content=\"The Configurator for Plug &amp; Play Smart Home Devices\" \/>\n<meta property=\"article:modified_time\" content=\"2021-01-27T14:58:09+00:00\" \/>\n<meta name=\"twitter:card\" content=\"summary_large_image\" \/>\n<meta name=\"twitter:label1\" content=\"Gesch\u00e4tzte Lesezeit\" \/>\n\t<meta name=\"twitter:data1\" content=\"2\u00a0Minuten\" \/>\n<script type=\"application\/ld+json\" class=\"yoast-schema-graph\">{\"@context\":\"https:\/\/schema.org\",\"@graph\":[{\"@type\":\"WebSite\",\"@id\":\"https:\/\/smartivate.de\/#website\",\"url\":\"https:\/\/smartivate.de\/\",\"name\":\"The Configurator for Plug &amp; Play Smart Home Devices\",\"description\":\"The Configurator for Plug &amp; Play Smart Home Devices\",\"potentialAction\":[{\"@type\":\"SearchAction\",\"target\":{\"@type\":\"EntryPoint\",\"urlTemplate\":\"https:\/\/smartivate.de\/?s={search_term_string}\"},\"query-input\":\"required name=search_term_string\"}],\"inLanguage\":\"de\"},{\"@type\":\"WebPage\",\"@id\":\"https:\/\/smartivate.de\/de\/uber-uns\/#webpage\",\"url\":\"https:\/\/smartivate.de\/de\/uber-uns\/\",\"name\":\"\\u00dcber uns - The Configurator for Plug &amp; Play Smart Home Devices\",\"isPartOf\":{\"@id\":\"https:\/\/smartivate.de\/#website\"},\"datePublished\":\"2019-04-15T14:35:37+00:00\",\"dateModified\":\"2021-01-27T14:58:09+00:00\",\"breadcrumb\":{\"@id\":\"https:\/\/smartivate.de\/de\/uber-uns\/#breadcrumb\"},\"inLanguage\":\"de\",\"potentialAction\":[{\"@type\":\"ReadAction\",\"target\":[\"https:\/\/smartivate.de\/de\/uber-uns\/\"]}]},{\"@type\":\"BreadcrumbList\",\"@id\":\"https:\/\/smartivate.de\/de\/uber-uns\/#breadcrumb\",\"itemListElement\":[{\"@type\":\"ListItem\",\"position\":1,\"name\":\"Home\",\"item\":\"https:\/\/smartivate.de\/de\/\"},{\"@type\":\"ListItem\",\"position\":2,\"name\":\"\\u00dcber uns\"}]}]}<\/script>\n<!-- \/ Yoast SEO plugin. -->","yoast_head_json":{"title":"\u00dcber uns - The Configurator for Plug &amp; Play Smart Home Devices","robots":{"index":"index","follow":"follow","max-snippet":"max-snippet:-1","max-image-preview":"max-image-preview:large","max-video-preview":"max-video-preview:-1"},"canonical":"https:\/\/smartivate.de\/de\/uber-uns\/","og_locale":"de_DE","og_type":"article","og_title":"\u00dcber uns - The Configurator for Plug &amp; Play Smart Home Devices","og_description":"[vc_row full_width=&#8220;stretch_row_content_no_spaces&#8220; css=&#8220;.vc_custom_1522152866801{background-position: center !important;background-repeat: no-repeat !important;background-size: cover !important;}&#8220;][vc_column css=&#8220;.vc_custom_1555029243912{padding-top: 0px !important;}&#8220; offset=&#8220;vc_hidden-md vc_hidden-sm vc_hidden-xs&#8220;][\/vc_column][\/vc_row][vc_row full_width=&#8220;stretch_row_content_no_spaces&#8220; css=&#8220;.vc_custom_1522152866801{background-position: center !important;background-repeat: no-repeat !important;background-size: cover !important;}&#8220;][vc_column css=&#8220;.vc_custom_1555029223763{padding-top: 0px !important;}&#8220; offset=&#8220;vc_hidden-lg&#8220;][\/vc_column][\/vc_row][vc_row css=&#8220;.vc_custom_1522246732958{padding-top: 30px !important;padding-bottom: 30px !important;}&#8220;][vc_column css=&#8220;.vc_custom_1525274210422{padding-top: 0px !important;}&#8220;][vc_single_image image=&#8220;3375&#8243; img_size=&#8220;200&#215;150&#8243; alignment=&#8220;center&#8220; css=&#8220;.vc_custom_1552050344761{margin-bottom: 0px !important;}&#8220;][\/vc_column][\/vc_row][vc_row full_width=&#8220;stretch_row_content_no_spaces&#8220; equal_height=&#8220;yes&#8220; content_placement=&#8220;middle&#8220;][vc_column width=&#8220;1\/2&#8243; css=&#8220;.vc_custom_1555081811346{background-image: url(https:\/\/smartivate.de\/wp-content\/uploads\/2018\/06\/smart-home-wifi.jpg?id=2419) !important;background-position: center !important;background-repeat: no-repeat !important;background-size: cover !important;}&#8220; el_class=&#8220;sm_about_cont&#8220;][vc_custom_heading [&hellip;]","og_url":"https:\/\/smartivate.de\/de\/uber-uns\/","og_site_name":"The Configurator for Plug &amp; Play Smart Home Devices","article_modified_time":"2021-01-27T14:58:09+00:00","twitter_card":"summary_large_image","twitter_misc":{"Gesch\u00e4tzte Lesezeit":"2\u00a0Minuten"},"schema":{"@context":"https:\/\/schema.org","@graph":[{"@type":"WebSite","@id":"https:\/\/smartivate.de\/#website","url":"https:\/\/smartivate.de\/","name":"The Configurator for Plug &amp; Play Smart Home Devices","description":"The Configurator for Plug &amp; Play Smart Home Devices","potentialAction":[{"@type":"SearchAction","target":{"@type":"EntryPoint","urlTemplate":"https:\/\/smartivate.de\/?s={search_term_string}"},"query-input":"required name=search_term_string"}],"inLanguage":"de"},{"@type":"WebPage","@id":"https:\/\/smartivate.de\/de\/uber-uns\/#webpage","url":"https:\/\/smartivate.de\/de\/uber-uns\/","name":"\u00dcber uns - The Configurator for Plug &amp; Play Smart Home Devices","isPartOf":{"@id":"https:\/\/smartivate.de\/#website"},"datePublished":"2019-04-15T14:35:37+00:00","dateModified":"2021-01-27T14:58:09+00:00","breadcrumb":{"@id":"https:\/\/smartivate.de\/de\/uber-uns\/#breadcrumb"},"inLanguage":"de","potentialAction":[{"@type":"ReadAction","target":["https:\/\/smartivate.de\/de\/uber-uns\/"]}]},{"@type":"BreadcrumbList","@id":"https:\/\/smartivate.de\/de\/uber-uns\/#breadcrumb","itemListElement":[{"@type":"ListItem","position":1,"name":"Home","item":"https:\/\/smartivate.de\/de\/"},{"@type":"ListItem","position":2,"name":"\u00dcber uns"}]}]}},"_links":{"self":[{"href":"https:\/\/smartivate.de\/de\/wp-json\/wp\/v2\/pages\/4288\/"}],"collection":[{"href":"https:\/\/smartivate.de\/de\/wp-json\/wp\/v2\/pages\/"}],"about":[{"href":"https:\/\/smartivate.de\/de\/wp-json\/wp\/v2\/types\/page\/"}],"author":[{"embeddable":true,"href":"https:\/\/smartivate.de\/de\/wp-json\/wp\/v2\/users\/27\/"}],"replies":[{"embeddable":true,"href":"https:\/\/smartivate.de\/de\/wp-json\/wp\/v2\/comments\/?post=4288"}],"version-history":[{"count":14,"href":"https:\/\/smartivate.de\/de\/wp-json\/wp\/v2\/pages\/4288\/revisions\/"}],"predecessor-version":[{"id":4667,"href":"https:\/\/smartivate.de\/de\/wp-json\/wp\/v2\/pages\/4288\/revisions\/4667\/"}],"wp:attachment":[{"href":"https:\/\/smartivate.de\/de\/wp-json\/wp\/v2\/media\/?parent=4288"}],"curies":[{"name":"wp","href":"https:\/\/api.w.org\/{rel}","templated":true}]}}